{"id":100,"date":"2015-07-08T13:17:40","date_gmt":"2015-07-08T13:17:40","guid":{"rendered":"http:\/\/neu.civilpowker.de\/?page_id=100"},"modified":"2015-07-08T13:17:40","modified_gmt":"2015-07-08T13:17:40","slug":"eigene-betriebe-im-konfliktland-voruebergehend-schliessen","status":"publish","type":"page","link":"https:\/\/www.civilpowker.de\/?page_id=100","title":{"rendered":"Eigene Betriebe im Konfliktland vor\u00fcbergehend schlie\u00dfen"},"content":{"rendered":"<p>Die Regierung soll mit dieser Ma\u00dfnahme gezwungen werden, sich f\u00fcr eine friedliche Konfliktl\u00f6sung<br \/>\neinzusetzen. Insbesondere die Erd\u00f6lindustrie ist davon betroffen, denn davon profitiert die<br \/>\nRegierung im Konfliktland am meisten. Auch hierzulande gibt es Einbu\u00dfen f\u00fcr die Wirtschaft, da<br \/>\nbestimmte G\u00fcter nicht produziert werden. Die Betriebsschlie\u00dfung erh\u00f6ht den Leidensdruck in der<br \/>\nBev\u00f6lkerung aus dem Konfliktland, denn diese verlieren zun\u00e4chst ihren Arbeitsplatz<\/p>\n<h5>\nMehr Information:<\/h5>\n<p><a href=\"http:\/\/app.handelsblatt.com\/unternehmen\/industrie\/krise-in-der-ukraine-heidelbergcement-stelltbetrieb-in-ostukraine-ein\/10994240.html\">http:\/\/app.handelsblatt.com\/unternehmen\/industrie\/krise-in-der-ukraine-heidelbergcement-stelltbetrieb-in-ostukraine-ein\/10994240.html<\/a><\/p>\n","protected":false},"excerpt":{"rendered":"<p>Die Regierung soll mit dieser Ma\u00dfnahme gezwungen werden, sich f\u00fcr eine friedliche Konfliktl\u00f6sung einzusetzen. Insbesondere die Erd\u00f6lindustrie ist davon betroffen, denn davon profitiert die Regierung im Konfliktland am meisten. Auch hierzulande gibt es Einbu\u00dfen f\u00fcr die Wirtschaft, da &hellip; <\/p>\n<div class=\"more-link-wrapper\"><a href=\"https:\/\/www.civilpowker.de\/?page_id=100\" class=\"more-link\">Continue reading<span class=\"screen-reader-text\"> &#8222;Eigene Betriebe im Konfliktland vor\u00fcbergehend schlie\u00dfen&#8220;<\/span><\/a><\/div>\n","protected":false},"author":1,"featured_media":0,"parent":73,"menu_order":0,"comment_status":"closed","ping_status":"open","template":"","meta":{"footnotes":""},"class_list":["post-100","page","type-page","status-publish","hentry"],"_links":{"self":[{"href":"https:\/\/www.civilpowker.de\/index.php?rest_route=\/wp\/v2\/pages\/100","targetHints":{"allow":["GET"]}}],"collection":[{"href":"https:\/\/www.civilpowker.de\/index.php?rest_route=\/wp\/v2\/pages"}],"about":[{"href":"https:\/\/www.civilpowker.de\/index.php?rest_route=\/wp\/v2\/types\/page"}],"author":[{"embeddable":true,"href":"https:\/\/www.civilpowker.de\/index.php?rest_route=\/wp\/v2\/users\/1"}],"replies":[{"embeddable":true,"href":"https:\/\/www.civilpowker.de\/index.php?rest_route=%2Fwp%2Fv2%2Fcomments&post=100"}],"version-history":[{"count":1,"href":"https:\/\/www.civilpowker.de\/index.php?rest_route=\/wp\/v2\/pages\/100\/revisions"}],"predecessor-version":[{"id":101,"href":"https:\/\/www.civilpowker.de\/index.php?rest_route=\/wp\/v2\/pages\/100\/revisions\/101"}],"up":[{"embeddable":true,"href":"https:\/\/www.civilpowker.de\/index.php?rest_route=\/wp\/v2\/pages\/73"}],"wp:attachment":[{"href":"https:\/\/www.civilpowker.de\/index.php?rest_route=%2Fwp%2Fv2%2Fmedia&parent=100"}],"curies":[{"name":"wp","href":"https:\/\/api.w.org\/{rel}","templated":true}]}}