{"id":104,"date":"2015-07-08T13:20:54","date_gmt":"2015-07-08T13:20:54","guid":{"rendered":"http:\/\/neu.civilpowker.de\/?page_id=104"},"modified":"2015-07-08T13:20:54","modified_gmt":"2015-07-08T13:20:54","slug":"kapitalanlagen-offenlegen-und-einfrieren","status":"publish","type":"page","link":"https:\/\/www.civilpowker.de\/?page_id=104","title":{"rendered":"Kapitalanlagen offenlegen und einfrieren"},"content":{"rendered":"<p>Mit dieser Ma\u00dfnahme wird die Handlungsf\u00e4higkeit der Regierung im Konfliktland extrem eingeschr\u00e4nkt und der Druck auf sie stark erh\u00f6ht. Allerdings k\u00f6nnen auch die Banken hierzulande mit diesem Geld nicht mehr \u201earbeiten\u201c, d.h. spekulieren, in Aktien investieren und Gewinne erzielen.<\/p>\n<h5>\nMehr Information:<\/h5>\n<p><a href=\"http:\/\/www.welt.de\/wirtschaft\/article125648140\/Innerhalb-von-zwei-Wochen-waere-Russland-am-Boden.html\">http:\/\/www.welt.de\/wirtschaft\/article125648140\/Innerhalb-von-zwei-Wochen-waere-Russland-am-Boden.html<\/a><br \/>\n<a href=\"http:\/\/www.zeit.de\/wirtschaft\/2014-08\/russland-putin-ukraine-sanktionen-westen\">http:\/\/www.zeit.de\/wirtschaft\/2014-08\/russland-putin-ukraine-sanktionen-westen<\/a><br \/>\n<a href=\"http:\/\/www.taz.de\/!67120\/\">http:\/\/www.taz.de\/!67120\/<\/a><\/p>\n","protected":false},"excerpt":{"rendered":"<p>Mit dieser Ma\u00dfnahme wird die Handlungsf\u00e4higkeit der Regierung im Konfliktland extrem eingeschr\u00e4nkt und der Druck auf sie stark erh\u00f6ht. Allerdings k\u00f6nnen auch die Banken hierzulande mit diesem Geld nicht mehr \u201earbeiten\u201c, d.h. spekulieren, in Aktien investieren und Gewinne &hellip; <\/p>\n<div class=\"more-link-wrapper\"><a href=\"https:\/\/www.civilpowker.de\/?page_id=104\" class=\"more-link\">Continue reading<span class=\"screen-reader-text\"> &#8222;Kapitalanlagen offenlegen und einfrieren&#8220;<\/span><\/a><\/div>\n","protected":false},"author":1,"featured_media":0,"parent":73,"menu_order":0,"comment_status":"closed","ping_status":"open","template":"","meta":{"footnotes":""},"class_list":["post-104","page","type-page","status-publish","hentry"],"_links":{"self":[{"href":"https:\/\/www.civilpowker.de\/index.php?rest_route=\/wp\/v2\/pages\/104","targetHints":{"allow":["GET"]}}],"collection":[{"href":"https:\/\/www.civilpowker.de\/index.php?rest_route=\/wp\/v2\/pages"}],"about":[{"href":"https:\/\/www.civilpowker.de\/index.php?rest_route=\/wp\/v2\/types\/page"}],"author":[{"embeddable":true,"href":"https:\/\/www.civilpowker.de\/index.php?rest_route=\/wp\/v2\/users\/1"}],"replies":[{"embeddable":true,"href":"https:\/\/www.civilpowker.de\/index.php?rest_route=%2Fwp%2Fv2%2Fcomments&post=104"}],"version-history":[{"count":1,"href":"https:\/\/www.civilpowker.de\/index.php?rest_route=\/wp\/v2\/pages\/104\/revisions"}],"predecessor-version":[{"id":105,"href":"https:\/\/www.civilpowker.de\/index.php?rest_route=\/wp\/v2\/pages\/104\/revisions\/105"}],"up":[{"embeddable":true,"href":"https:\/\/www.civilpowker.de\/index.php?rest_route=\/wp\/v2\/pages\/73"}],"wp:attachment":[{"href":"https:\/\/www.civilpowker.de\/index.php?rest_route=%2Fwp%2Fv2%2Fmedia&parent=104"}],"curies":[{"name":"wp","href":"https:\/\/api.w.org\/{rel}","templated":true}]}}