{"id":110,"date":"2015-07-08T13:29:17","date_gmt":"2015-07-08T13:29:17","guid":{"rendered":"http:\/\/neu.civilpowker.de\/?page_id=110"},"modified":"2015-07-08T13:29:28","modified_gmt":"2015-07-08T13:29:28","slug":"unterstuetzung-oppositioneller-kraefte","status":"publish","type":"page","link":"https:\/\/www.civilpowker.de\/?page_id=110","title":{"rendered":"Unterst\u00fctzung oppositioneller Kr\u00e4fte"},"content":{"rendered":"<p>Gute Kontakte zur lokalen Bev\u00f6lkerung sind notwendig, um jene zu unterst\u00fctzen, die sich ausschlie\u00dflich friedlich gegen das Regime engagieren. Denn sie sollen keine Waffen von den Spenden besorgen. Diese Ma\u00dfnahme kann den Oppositionellen viel Mut machen und Auftrieb geben, ist allerdings auch\u00a0 gef\u00e4hrlich.<\/p>\n<h5>Mehr Information:<\/h5>\n<p><a href=\"https:\/\/www.adoptrevolution.org\/spenden\/\">https:\/\/www.adoptrevolution.org\/spenden\/<\/a><br \/>\n<a href=\"http:\/\/www.ifa.de\/zivik.html\">http:\/\/www.ifa.de\/zivik.html<\/a><br \/>\n<a href=\"http:\/\/www.auswaertiges-amt.de\/DE\/Startseite_node.html\">http:\/\/www.auswaertiges-amt.de\/DE\/Startseite_node.html<\/a><\/p>\n","protected":false},"excerpt":{"rendered":"<p>Gute Kontakte zur lokalen Bev\u00f6lkerung sind notwendig, um jene zu unterst\u00fctzen, die sich ausschlie\u00dflich friedlich gegen das Regime engagieren. Denn sie sollen keine Waffen von den Spenden besorgen. Diese Ma\u00dfnahme kann den Oppositionellen viel Mut machen und Auftrieb &hellip; <\/p>\n<div class=\"more-link-wrapper\"><a href=\"https:\/\/www.civilpowker.de\/?page_id=110\" class=\"more-link\">Continue reading<span class=\"screen-reader-text\"> &#8222;Unterst\u00fctzung oppositioneller Kr\u00e4fte&#8220;<\/span><\/a><\/div>\n","protected":false},"author":1,"featured_media":0,"parent":73,"menu_order":0,"comment_status":"closed","ping_status":"open","template":"","meta":{"footnotes":""},"class_list":["post-110","page","type-page","status-publish","hentry"],"_links":{"self":[{"href":"https:\/\/www.civilpowker.de\/index.php?rest_route=\/wp\/v2\/pages\/110","targetHints":{"allow":["GET"]}}],"collection":[{"href":"https:\/\/www.civilpowker.de\/index.php?rest_route=\/wp\/v2\/pages"}],"about":[{"href":"https:\/\/www.civilpowker.de\/index.php?rest_route=\/wp\/v2\/types\/page"}],"author":[{"embeddable":true,"href":"https:\/\/www.civilpowker.de\/index.php?rest_route=\/wp\/v2\/users\/1"}],"replies":[{"embeddable":true,"href":"https:\/\/www.civilpowker.de\/index.php?rest_route=%2Fwp%2Fv2%2Fcomments&post=110"}],"version-history":[{"count":1,"href":"https:\/\/www.civilpowker.de\/index.php?rest_route=\/wp\/v2\/pages\/110\/revisions"}],"predecessor-version":[{"id":111,"href":"https:\/\/www.civilpowker.de\/index.php?rest_route=\/wp\/v2\/pages\/110\/revisions\/111"}],"up":[{"embeddable":true,"href":"https:\/\/www.civilpowker.de\/index.php?rest_route=\/wp\/v2\/pages\/73"}],"wp:attachment":[{"href":"https:\/\/www.civilpowker.de\/index.php?rest_route=%2Fwp%2Fv2%2Fmedia&parent=110"}],"curies":[{"name":"wp","href":"https:\/\/api.w.org\/{rel}","templated":true}]}}