{"id":120,"date":"2015-07-08T13:39:06","date_gmt":"2015-07-08T13:39:06","guid":{"rendered":"http:\/\/neu.civilpowker.de\/?page_id=120"},"modified":"2015-07-14T14:32:31","modified_gmt":"2015-07-14T14:32:31","slug":"unterstuetzung-der-regierungspartei","status":"publish","type":"page","link":"https:\/\/www.civilpowker.de\/?page_id=120","title":{"rendered":"Unterst\u00fctzung der Regierungspartei"},"content":{"rendered":"<p>Es w\u00e4re fatal, lang aufgebaute Beziehungen einzufrieren, nur weil ein paar Menschen der Meinung<br \/>\nsind, sie werden unterdr\u00fcckt. In Deutschland sind auch nicht alle mit dem einverstanden, was die<br \/>\nRegierung macht. Au\u00dferdem ist gar nicht klar, ob die Demonstrierenden wirklich die Meinung der<br \/>\nMehrheit der Bev\u00f6lkerung vertreten oder eine Randgruppe bilden.<\/p>\n<h5>Informationen:<\/h5>\n<p><a href=\"http:\/\/www.faz.net\/aktuell\/politik\/ausland\/naher-osten\/italien-und-libyen-demonstrative-abkehr-1605718.html\">http:\/\/www.faz.net\/aktuell\/politik\/ausland\/naher-osten\/italien-und-libyen-demonstrative-abkehr-1605718.html<\/a><br \/>\n<a href=\"http:\/\/www.spiegel.de\/wirtschaft\/italienisch-libysche-beziehungen-handkuss-fuer-den-diktator-a-747656.html\">http:\/\/www.spiegel.de\/wirtschaft\/italienisch-libysche-beziehungen-handkuss-fuer-den-diktator-a-747656.html<\/a><\/p>\n","protected":false},"excerpt":{"rendered":"<p>Es w\u00e4re fatal, lang aufgebaute Beziehungen einzufrieren, nur weil ein paar Menschen der Meinung sind, sie werden unterdr\u00fcckt. In Deutschland sind auch nicht alle mit dem einverstanden, was die Regierung macht. Au\u00dferdem ist gar nicht klar, ob die &hellip; <\/p>\n<div class=\"more-link-wrapper\"><a href=\"https:\/\/www.civilpowker.de\/?page_id=120\" class=\"more-link\">Continue reading<span class=\"screen-reader-text\"> &#8222;Unterst\u00fctzung der Regierungspartei&#8220;<\/span><\/a><\/div>\n","protected":false},"author":1,"featured_media":0,"parent":73,"menu_order":0,"comment_status":"closed","ping_status":"open","template":"","meta":{"footnotes":""},"class_list":["post-120","page","type-page","status-publish","hentry"],"_links":{"self":[{"href":"https:\/\/www.civilpowker.de\/index.php?rest_route=\/wp\/v2\/pages\/120","targetHints":{"allow":["GET"]}}],"collection":[{"href":"https:\/\/www.civilpowker.de\/index.php?rest_route=\/wp\/v2\/pages"}],"about":[{"href":"https:\/\/www.civilpowker.de\/index.php?rest_route=\/wp\/v2\/types\/page"}],"author":[{"embeddable":true,"href":"https:\/\/www.civilpowker.de\/index.php?rest_route=\/wp\/v2\/users\/1"}],"replies":[{"embeddable":true,"href":"https:\/\/www.civilpowker.de\/index.php?rest_route=%2Fwp%2Fv2%2Fcomments&post=120"}],"version-history":[{"count":2,"href":"https:\/\/www.civilpowker.de\/index.php?rest_route=\/wp\/v2\/pages\/120\/revisions"}],"predecessor-version":[{"id":326,"href":"https:\/\/www.civilpowker.de\/index.php?rest_route=\/wp\/v2\/pages\/120\/revisions\/326"}],"up":[{"embeddable":true,"href":"https:\/\/www.civilpowker.de\/index.php?rest_route=\/wp\/v2\/pages\/73"}],"wp:attachment":[{"href":"https:\/\/www.civilpowker.de\/index.php?rest_route=%2Fwp%2Fv2%2Fmedia&parent=120"}],"curies":[{"name":"wp","href":"https:\/\/api.w.org\/{rel}","templated":true}]}}