{"id":128,"date":"2015-07-08T13:51:41","date_gmt":"2015-07-08T13:51:41","guid":{"rendered":"http:\/\/neu.civilpowker.de\/?page_id=128"},"modified":"2015-07-08T13:51:41","modified_gmt":"2015-07-08T13:51:41","slug":"benzinpreis-erhoehen-um-verluste-auszugleichen","status":"publish","type":"page","link":"https:\/\/www.civilpowker.de\/?page_id=128","title":{"rendered":"Benzinpreis erh\u00f6hen, um Verluste auszugleichen"},"content":{"rendered":"<p>Die Krise im Konfliktland f\u00fchrt zu verminderter Produktion und Export des Roh\u00f6ls nach Deutschland. Das wiederum hat Auswirkungen auf den Marktwert von Benzin \u2013 schlechte Aktienkurse f\u00f6rdern dies zus\u00e4tzlich. Um die Gewinnspanne der Unternehmen zu erhalten, muss daher der Preis pro Liter Benzin steigen.<\/p>\n<h5>Mehr Information:<\/h5>\n<p><a href=\"http:\/\/www.welt.de\/newsticker\/bloomberg\/article136351905\/Gundlach-erwartet-entaeuschendes-US-Wachstum-wegen-Oelpreisverfall.html\">http:\/\/www.welt.de\/newsticker\/bloomberg\/article136351905\/Gundlach-erwartet-entaeuschendes-US-Wachstum-wegen-Oelpreisverfall.html<\/a><br \/>\n<a href=\"http:\/\/www.n-tv.de\/wirtschaft\/Billiges-Oel-sorgt-fuer-mehr-Wachstum-article14131361.html\">http:\/\/www.n-tv.de\/wirtschaft\/Billiges-Oel-sorgt-fuer-mehr-Wachstum-article14131361.html<\/a><br \/>\n<a href=\"http:\/\/www.faz.net\/aktuell\/wirtschaft\/wachstumstreiber-euro-und-oel-heizen-die-konjunktur-an-13368354.html\">http:\/\/www.faz.net\/aktuell\/wirtschaft\/wachstumstreiber-euro-und-oel-heizen-die-konjunktur-an-13368354.html<\/a><\/p>\n","protected":false},"excerpt":{"rendered":"<p>Die Krise im Konfliktland f\u00fchrt zu verminderter Produktion und Export des Roh\u00f6ls nach Deutschland. Das wiederum hat Auswirkungen auf den Marktwert von Benzin \u2013 schlechte Aktienkurse f\u00f6rdern dies zus\u00e4tzlich. Um die Gewinnspanne der Unternehmen zu erhalten, muss daher &hellip; <\/p>\n<div class=\"more-link-wrapper\"><a href=\"https:\/\/www.civilpowker.de\/?page_id=128\" class=\"more-link\">Continue reading<span class=\"screen-reader-text\"> &#8222;Benzinpreis erh\u00f6hen, um Verluste auszugleichen&#8220;<\/span><\/a><\/div>\n","protected":false},"author":1,"featured_media":0,"parent":73,"menu_order":0,"comment_status":"closed","ping_status":"open","template":"","meta":{"footnotes":""},"class_list":["post-128","page","type-page","status-publish","hentry"],"_links":{"self":[{"href":"https:\/\/www.civilpowker.de\/index.php?rest_route=\/wp\/v2\/pages\/128","targetHints":{"allow":["GET"]}}],"collection":[{"href":"https:\/\/www.civilpowker.de\/index.php?rest_route=\/wp\/v2\/pages"}],"about":[{"href":"https:\/\/www.civilpowker.de\/index.php?rest_route=\/wp\/v2\/types\/page"}],"author":[{"embeddable":true,"href":"https:\/\/www.civilpowker.de\/index.php?rest_route=\/wp\/v2\/users\/1"}],"replies":[{"embeddable":true,"href":"https:\/\/www.civilpowker.de\/index.php?rest_route=%2Fwp%2Fv2%2Fcomments&post=128"}],"version-history":[{"count":1,"href":"https:\/\/www.civilpowker.de\/index.php?rest_route=\/wp\/v2\/pages\/128\/revisions"}],"predecessor-version":[{"id":129,"href":"https:\/\/www.civilpowker.de\/index.php?rest_route=\/wp\/v2\/pages\/128\/revisions\/129"}],"up":[{"embeddable":true,"href":"https:\/\/www.civilpowker.de\/index.php?rest_route=\/wp\/v2\/pages\/73"}],"wp:attachment":[{"href":"https:\/\/www.civilpowker.de\/index.php?rest_route=%2Fwp%2Fv2%2Fmedia&parent=128"}],"curies":[{"name":"wp","href":"https:\/\/api.w.org\/{rel}","templated":true}]}}