{"id":132,"date":"2015-07-08T13:54:49","date_gmt":"2015-07-08T13:54:49","guid":{"rendered":"http:\/\/neu.civilpowker.de\/?page_id=132"},"modified":"2015-07-08T13:54:49","modified_gmt":"2015-07-08T13:54:49","slug":"bleiberecht-und-arbeitserlaubnis-fuer-qualifizierte-fluechtlinge-aus-dem-konfliktgebiet","status":"publish","type":"page","link":"https:\/\/www.civilpowker.de\/?page_id=132","title":{"rendered":"Bleiberecht und Arbeitserlaubnis f\u00fcr qualifizierte Fl\u00fcchtlinge aus dem Konfliktgebiet."},"content":{"rendered":"<p>Das Recht auf Asyl ist f\u00fcr jeden Menschen grundgesetzlich gleich. Diese Forderung w\u00fcrde einen<br \/>\nUnterschied zwischen &#8222;guten&#8220; und &#8222;schlechten&#8220; Fl\u00fcchtlingen machen. Unternehmer sehen sich aber<br \/>\noft als Vorreiter f\u00fcr gesellschaftliche Entwicklungen. Durch die Forderung w\u00fcrden die Asylbewerber<br \/>\nleichter anerkannt, da sie ja ein wirtschaftlicher Faktor sind und zugleich dem wirtschaftlichen<br \/>\nWachstum dienen. Sie erh\u00f6hen durch h\u00f6here Einkommen auch die Kaufkraft, die derzeit am sinken<br \/>\nist.<\/p>\n<h5>Mehr Information:<\/h5>\n<p><a href=\"http:\/\/www.taz.de\/!125420\/\">http:\/\/www.taz.de\/!125420\/<\/a><br \/>\n<a href=\"http:\/\/www.zeit.de\/politik\/deutschland\/2014-07\/asyl-arbeitsmarkt-integration\">http:\/\/www.zeit.de\/politik\/deutschland\/2014-07\/asyl-arbeitsmarkt-integration<\/a><br \/>\n<a href=\"http:\/\/www.welt.de\/wirtschaft\/article134731641\/Auslaender-rein-So-werden-Asylbewerber-umworben.html\">http:\/\/www.welt.de\/wirtschaft\/article134731641\/Auslaender-rein-So-werden-Asylbewerber-umworben.html<\/a><br \/>\n<a href=\"http:\/\/www.bundesregierung.de\/Content\/DE\/Artikel\/2014\/10\/2014-10-29-verbesserungen-fuer-asylbewerber-beschlossen.html\">http:\/\/www.bundesregierung.de\/Content\/DE\/Artikel\/2014\/10\/2014-10-29-verbesserungen-fuer-asylbewerber-beschlossen.html<\/a><\/p>\n","protected":false},"excerpt":{"rendered":"<p>Das Recht auf Asyl ist f\u00fcr jeden Menschen grundgesetzlich gleich. Diese Forderung w\u00fcrde einen Unterschied zwischen &#8222;guten&#8220; und &#8222;schlechten&#8220; Fl\u00fcchtlingen machen. Unternehmer sehen sich aber oft als Vorreiter f\u00fcr gesellschaftliche Entwicklungen. Durch die Forderung w\u00fcrden die Asylbewerber leichter &hellip; <\/p>\n<div class=\"more-link-wrapper\"><a href=\"https:\/\/www.civilpowker.de\/?page_id=132\" class=\"more-link\">Continue reading<span class=\"screen-reader-text\"> &#8222;Bleiberecht und Arbeitserlaubnis f\u00fcr qualifizierte Fl\u00fcchtlinge aus dem Konfliktgebiet.&#8220;<\/span><\/a><\/div>\n","protected":false},"author":1,"featured_media":0,"parent":73,"menu_order":0,"comment_status":"closed","ping_status":"open","template":"","meta":{"footnotes":""},"class_list":["post-132","page","type-page","status-publish","hentry"],"_links":{"self":[{"href":"https:\/\/www.civilpowker.de\/index.php?rest_route=\/wp\/v2\/pages\/132","targetHints":{"allow":["GET"]}}],"collection":[{"href":"https:\/\/www.civilpowker.de\/index.php?rest_route=\/wp\/v2\/pages"}],"about":[{"href":"https:\/\/www.civilpowker.de\/index.php?rest_route=\/wp\/v2\/types\/page"}],"author":[{"embeddable":true,"href":"https:\/\/www.civilpowker.de\/index.php?rest_route=\/wp\/v2\/users\/1"}],"replies":[{"embeddable":true,"href":"https:\/\/www.civilpowker.de\/index.php?rest_route=%2Fwp%2Fv2%2Fcomments&post=132"}],"version-history":[{"count":1,"href":"https:\/\/www.civilpowker.de\/index.php?rest_route=\/wp\/v2\/pages\/132\/revisions"}],"predecessor-version":[{"id":133,"href":"https:\/\/www.civilpowker.de\/index.php?rest_route=\/wp\/v2\/pages\/132\/revisions\/133"}],"up":[{"embeddable":true,"href":"https:\/\/www.civilpowker.de\/index.php?rest_route=\/wp\/v2\/pages\/73"}],"wp:attachment":[{"href":"https:\/\/www.civilpowker.de\/index.php?rest_route=%2Fwp%2Fv2%2Fmedia&parent=132"}],"curies":[{"name":"wp","href":"https:\/\/api.w.org\/{rel}","templated":true}]}}