{"id":141,"date":"2015-07-08T14:03:29","date_gmt":"2015-07-08T14:03:29","guid":{"rendered":"http:\/\/neu.civilpowker.de\/?page_id=141"},"modified":"2015-07-08T14:03:29","modified_gmt":"2015-07-08T14:03:29","slug":"populistische-parolen-verbreiten","status":"publish","type":"page","link":"https:\/\/www.civilpowker.de\/?page_id=141","title":{"rendered":"Populistische Parolen verbreiten"},"content":{"rendered":"<p>Populistische Parolen dienen zwar nicht der umfassenden und objektiven Informationsverbreitung, sind meist einseitig und entsprechen oft nicht der ganzen Wahrheit, f\u00fchren aber erfahrungsgem\u00e4\u00df zu Anerkennung bei vielen W\u00e4hlerInnen.<br \/>\nSie treten in Debatten auf und werden in \u00f6ffentlichen Reden angewendet. Man sieht sie auch auf Wahlplakaten.<br \/>\nBeispiele f\u00fcr populistische Parolen sind:<\/p>\n<ul>\n<li>\u201eDeutschland schafft sich ab\u201c (Buchtitel von Thilo Sarrazin)<\/li>\n<li>\u201eRaus aus dem Euro \u2013 [\u2026] dreiste Euro-Abzocke\u201c (Pro NRW)<\/li>\n<\/ul>\n<h5>Mehr Information:<\/h5>\n<p>(Zugang zu entsprechenden Quellen sind im Internet gut zu finden. Wir m\u00f6chten nicht dazu<br \/>\nbeitragen, dass sie auch hier verbreitet werden. Aktuelle Auseinandersetzungen finden rund um<br \/>\ndie Kundgebungen in Dresden statt. )<\/p>\n","protected":false},"excerpt":{"rendered":"<p>Populistische Parolen dienen zwar nicht der umfassenden und objektiven Informationsverbreitung, sind meist einseitig und entsprechen oft nicht der ganzen Wahrheit, f\u00fchren aber erfahrungsgem\u00e4\u00df zu Anerkennung bei vielen W\u00e4hlerInnen. Sie treten in Debatten auf und werden in \u00f6ffentlichen Reden &hellip; <\/p>\n<div class=\"more-link-wrapper\"><a href=\"https:\/\/www.civilpowker.de\/?page_id=141\" class=\"more-link\">Continue reading<span class=\"screen-reader-text\"> &#8222;Populistische Parolen verbreiten&#8220;<\/span><\/a><\/div>\n","protected":false},"author":1,"featured_media":0,"parent":87,"menu_order":0,"comment_status":"closed","ping_status":"open","template":"","meta":{"footnotes":""},"class_list":["post-141","page","type-page","status-publish","hentry"],"_links":{"self":[{"href":"https:\/\/www.civilpowker.de\/index.php?rest_route=\/wp\/v2\/pages\/141","targetHints":{"allow":["GET"]}}],"collection":[{"href":"https:\/\/www.civilpowker.de\/index.php?rest_route=\/wp\/v2\/pages"}],"about":[{"href":"https:\/\/www.civilpowker.de\/index.php?rest_route=\/wp\/v2\/types\/page"}],"author":[{"embeddable":true,"href":"https:\/\/www.civilpowker.de\/index.php?rest_route=\/wp\/v2\/users\/1"}],"replies":[{"embeddable":true,"href":"https:\/\/www.civilpowker.de\/index.php?rest_route=%2Fwp%2Fv2%2Fcomments&post=141"}],"version-history":[{"count":1,"href":"https:\/\/www.civilpowker.de\/index.php?rest_route=\/wp\/v2\/pages\/141\/revisions"}],"predecessor-version":[{"id":142,"href":"https:\/\/www.civilpowker.de\/index.php?rest_route=\/wp\/v2\/pages\/141\/revisions\/142"}],"up":[{"embeddable":true,"href":"https:\/\/www.civilpowker.de\/index.php?rest_route=\/wp\/v2\/pages\/87"}],"wp:attachment":[{"href":"https:\/\/www.civilpowker.de\/index.php?rest_route=%2Fwp%2Fv2%2Fmedia&parent=141"}],"curies":[{"name":"wp","href":"https:\/\/api.w.org\/{rel}","templated":true}]}}