{"id":143,"date":"2015-07-08T14:05:11","date_gmt":"2015-07-08T14:05:11","guid":{"rendered":"http:\/\/neu.civilpowker.de\/?page_id=143"},"modified":"2015-07-14T14:28:39","modified_gmt":"2015-07-14T14:28:39","slug":"verschaerfung-des-asylrechts","status":"publish","type":"page","link":"https:\/\/www.civilpowker.de\/?page_id=143","title":{"rendered":"Versch\u00e4rfung des Asylrechts"},"content":{"rendered":"<p>Gewaltvolle Konflikte und Kriege f\u00fchren mittel- oder auch langfristig zu Fl\u00fcchtlingsstr\u00f6men aus<br \/>\ndem Land. Um sich vor \u201emassenhaften\u201c Einwanderungen zu sch\u00fctzen, beschloss die EU durch<br \/>\nmehrere Abkommen (Dubliner und Schengener Abkommen), die Au\u00dfengrenzen der EU strenger<br \/>\nund koordinierter zu \u00fcberwachen und kontrollieren. Auch Deutschland hat seit diesen Abkommen<br \/>\nseine Einwanderungs- und Asylpolitik den allgemeinen EU-Richtlinien angepasst.<br \/>\nDementsprechend hat nur ein Bruchteil der Fl\u00fcchtlinge Anspruch auf Asyl und damit die Chance,<br \/>\nin Deutschland zu bleiben. Neueren politischen Parteien ist dies jedoch zu wenig. Sie fordern eine<br \/>\nVersch\u00e4rfung des Asylrechts.<\/p>\n<h5>Mehr Informationen:<\/h5>\n<p><a href=\"http:\/\/www.vdk.de\/rheinland-pfalz\/pages\/fluechtlinge\/67248\/kein_mensch_ist_freiwillig_auf_der_flucht\">http:\/\/www.vdk.de\/rheinland-pfalz\/pages\/fluechtlinge\/67248\/kein_mensch_ist_freiwillig_auf_der_flucht<\/a><br \/>\n<a href=\"http:\/\/www.themenpool-migration.eu\/dorigi01.htm\">http:\/\/www.themenpool-migration.eu\/dorigi01.htm<\/a><\/p>\n","protected":false},"excerpt":{"rendered":"<p>Gewaltvolle Konflikte und Kriege f\u00fchren mittel- oder auch langfristig zu Fl\u00fcchtlingsstr\u00f6men aus dem Land. Um sich vor \u201emassenhaften\u201c Einwanderungen zu sch\u00fctzen, beschloss die EU durch mehrere Abkommen (Dubliner und Schengener Abkommen), die Au\u00dfengrenzen der EU strenger und koordinierter &hellip; <\/p>\n<div class=\"more-link-wrapper\"><a href=\"https:\/\/www.civilpowker.de\/?page_id=143\" class=\"more-link\">Continue reading<span class=\"screen-reader-text\"> &#8222;Versch\u00e4rfung des Asylrechts&#8220;<\/span><\/a><\/div>\n","protected":false},"author":1,"featured_media":0,"parent":87,"menu_order":0,"comment_status":"closed","ping_status":"open","template":"","meta":{"footnotes":""},"class_list":["post-143","page","type-page","status-publish","hentry"],"_links":{"self":[{"href":"https:\/\/www.civilpowker.de\/index.php?rest_route=\/wp\/v2\/pages\/143","targetHints":{"allow":["GET"]}}],"collection":[{"href":"https:\/\/www.civilpowker.de\/index.php?rest_route=\/wp\/v2\/pages"}],"about":[{"href":"https:\/\/www.civilpowker.de\/index.php?rest_route=\/wp\/v2\/types\/page"}],"author":[{"embeddable":true,"href":"https:\/\/www.civilpowker.de\/index.php?rest_route=\/wp\/v2\/users\/1"}],"replies":[{"embeddable":true,"href":"https:\/\/www.civilpowker.de\/index.php?rest_route=%2Fwp%2Fv2%2Fcomments&post=143"}],"version-history":[{"count":2,"href":"https:\/\/www.civilpowker.de\/index.php?rest_route=\/wp\/v2\/pages\/143\/revisions"}],"predecessor-version":[{"id":322,"href":"https:\/\/www.civilpowker.de\/index.php?rest_route=\/wp\/v2\/pages\/143\/revisions\/322"}],"up":[{"embeddable":true,"href":"https:\/\/www.civilpowker.de\/index.php?rest_route=\/wp\/v2\/pages\/87"}],"wp:attachment":[{"href":"https:\/\/www.civilpowker.de\/index.php?rest_route=%2Fwp%2Fv2%2Fmedia&parent=143"}],"curies":[{"name":"wp","href":"https:\/\/api.w.org\/{rel}","templated":true}]}}