{"id":147,"date":"2015-07-08T14:09:50","date_gmt":"2015-07-08T14:09:50","guid":{"rendered":"http:\/\/neu.civilpowker.de\/?page_id=147"},"modified":"2015-07-08T14:09:50","modified_gmt":"2015-07-08T14:09:50","slug":"export-fuer-ruestungsgueter-erleichtern","status":"publish","type":"page","link":"https:\/\/www.civilpowker.de\/?page_id=147","title":{"rendered":"Export f\u00fcr R\u00fcstungsg\u00fcter erleichtern"},"content":{"rendered":"<p>Nach Artikel 26 (2) des Grundgesetzes d\u00fcrfen \u201ezur Kriegsf\u00fchrung bestimmte Waffen [\u2026] nur mit<br \/>\nGenehmigung der Bundesregierung hergestellt, bef\u00f6rdert und in Verkehr gebracht werden\u201c. Damit liegt<br \/>\nes in der Hand der Regierungsmitglieder, den Transport f\u00fcr R\u00fcstungsg\u00fcter in das Konfliktland (wenn auch nicht auf direktem Weg) zu gew\u00e4hrleisten.<br \/>\nDer Bundessicherheitsrat (KanzlerIn, VizekanzlerIn, BundeskanzleramtschefIn und 6 Minister) ist<br \/>\ndas h\u00f6chste Organ f\u00fcr die deutsche Sicherheitspolitik. Er allein entscheidet in geheimen Sitzungen<br \/>\n\u00fcber die Exportgenehmigungen von R\u00fcstungsg\u00fctern.<br \/>\nNach den R\u00fcstungsexportrichtlinien der Bundesregierung von 2000 scheiden &#8222;Lieferungen an<br \/>\nL\u00e4nder, die sich in bewaffneten \u00e4u\u00dferen Konflikten befinden oder bei denen eine Gefahr f\u00fcr den<br \/>\nAusbruch solcher Konflikte besteht&#8220; aus. Dies sind allerdings lediglich \u201eRichtlinien\u201c mit gewissem<br \/>\nInterpretationsspielraum.<br \/>\nSo gibt es au\u00dferdem M\u00f6glichkeiten, Exporte indirekt in die L\u00e4nder durchf\u00fchren zu lassen, indem<br \/>\ndie Waffen zun\u00e4chst in andere EU-L\u00e4nder transportiert und von dort dann in das Land exportiert<br \/>\nwerden.<br \/>\nHinter Entscheidungen f\u00fcr R\u00fcstungstransporte stehen meist strategische Faktoren. Deutschlands<br \/>\nR\u00fcstungshersteller sind auf Exporte angewiesen, zum einen, um ihre Spitzentechnologien auf den<br \/>\nMarkt zu bringen und ihr Vorrangstellung im Export von R\u00fcstungsg\u00fctern in Europa zu halten, zum<br \/>\nanderen, um die guten Beziehungen zu anderen Staaten zu sichern.<\/p>\n<h5>Mehr Information:<\/h5>\n<p><a href=\"http:\/\/www.aufschrei-waffenhandel.de\/http:\/\/www.waffenexporte.org\/\">http:\/\/www.aufschrei-waffenhandel.de\/http:\/\/www.waffenexporte.org\/<\/a><\/p>\n<p><a href=\"http:\/\/www.kindersoldaten.info\/\">http:\/\/www.kindersoldaten.info\/<\/a><\/p>\n<p><a href=\"http:\/\/www.handelsblatt.com\/themen\/Waffenexporte\">http:\/\/www.handelsblatt.com\/themen\/Waffenexporte<\/a><\/p>\n<p><a href=\"http:\/\/www.fr-online.de\/politik\/waffenexporte-deutschlands-waffenschmiede,1472596,28166416.html\">http:\/\/www.fr-online.de\/politik\/waffenexporte-deutschlands-waffenschmiede,1472596,28166416.html<\/a><\/p>\n","protected":false},"excerpt":{"rendered":"<p>Nach Artikel 26 (2) des Grundgesetzes d\u00fcrfen \u201ezur Kriegsf\u00fchrung bestimmte Waffen [\u2026] nur mit Genehmigung der Bundesregierung hergestellt, bef\u00f6rdert und in Verkehr gebracht werden\u201c. Damit liegt es in der Hand der Regierungsmitglieder, den Transport f\u00fcr R\u00fcstungsg\u00fcter in das &hellip; <\/p>\n<div class=\"more-link-wrapper\"><a href=\"https:\/\/www.civilpowker.de\/?page_id=147\" class=\"more-link\">Continue reading<span class=\"screen-reader-text\"> &#8222;Export f\u00fcr R\u00fcstungsg\u00fcter erleichtern&#8220;<\/span><\/a><\/div>\n","protected":false},"author":1,"featured_media":0,"parent":87,"menu_order":0,"comment_status":"closed","ping_status":"open","template":"","meta":{"footnotes":""},"class_list":["post-147","page","type-page","status-publish","hentry"],"_links":{"self":[{"href":"https:\/\/www.civilpowker.de\/index.php?rest_route=\/wp\/v2\/pages\/147","targetHints":{"allow":["GET"]}}],"collection":[{"href":"https:\/\/www.civilpowker.de\/index.php?rest_route=\/wp\/v2\/pages"}],"about":[{"href":"https:\/\/www.civilpowker.de\/index.php?rest_route=\/wp\/v2\/types\/page"}],"author":[{"embeddable":true,"href":"https:\/\/www.civilpowker.de\/index.php?rest_route=\/wp\/v2\/users\/1"}],"replies":[{"embeddable":true,"href":"https:\/\/www.civilpowker.de\/index.php?rest_route=%2Fwp%2Fv2%2Fcomments&post=147"}],"version-history":[{"count":1,"href":"https:\/\/www.civilpowker.de\/index.php?rest_route=\/wp\/v2\/pages\/147\/revisions"}],"predecessor-version":[{"id":148,"href":"https:\/\/www.civilpowker.de\/index.php?rest_route=\/wp\/v2\/pages\/147\/revisions\/148"}],"up":[{"embeddable":true,"href":"https:\/\/www.civilpowker.de\/index.php?rest_route=\/wp\/v2\/pages\/87"}],"wp:attachment":[{"href":"https:\/\/www.civilpowker.de\/index.php?rest_route=%2Fwp%2Fv2%2Fmedia&parent=147"}],"curies":[{"name":"wp","href":"https:\/\/api.w.org\/{rel}","templated":true}]}}