{"id":154,"date":"2015-07-08T14:18:31","date_gmt":"2015-07-08T14:18:31","guid":{"rendered":"http:\/\/neu.civilpowker.de\/?page_id=154"},"modified":"2015-07-08T14:18:31","modified_gmt":"2015-07-08T14:18:31","slug":"handelsembargo","status":"publish","type":"page","link":"https:\/\/www.civilpowker.de\/?page_id=154","title":{"rendered":"Handelsembargo"},"content":{"rendered":"<p>Ein Embargo bedeutet das Verbot des Exports und Imports von Waren, Rohstoffen und Kapital. Es ist ein Druckmittel der internationalen Politik, um so Einfluss auf andere Staaten nehmen zu k\u00f6nnen.<br \/>\nSollte die Regierung im Konfliktland weiterhin Menschenrechte verletzen, Oppositionelle gefangen nehmen und friedliche Demonstrationen unterbinden, so kann ein Embargo verh\u00e4ngt werden.<br \/>\nMit einem Totalembargo wird sowohl die Einfuhr (Import) als auch die Ausfuhr (Export) sowie<br \/>\nKapital- und Zahlungsverkehr mit dem Land verboten (Ausnahmen: G\u00fcter f\u00fcr humanit\u00e4re Zwecke).<br \/>\nEs d\u00fcrfen damit weder Waffen, Munition und andere R\u00fcstungsmaterialien noch sonstige G\u00fcter in<br \/>\ndas Land exportiert werden. Damit geht einher, dass die deutsche Wirtschaft eventuell Einbr\u00fcche<br \/>\nin Kauf nehmen muss. Mit einem Embargo wird Druck auf das Land ausge\u00fcbt, denn f\u00fcr die<br \/>\nWirtschaft des Konfliktlandes hat es sehr negative Auswirkungen. Aber auch die Lebenssituation<br \/>\nder Bev\u00f6lkerung verschlechtert sich sehr mit einem Warenexport- und -importverbot.<\/p>\n<h5>Mehr Information:<\/h5>\n<p><a href=\"http:\/\/www.handelsblatt.com\/politik\/international\/russland-eu-hob-klammheimlich-ukraine-waffenembargo\/10284014.html\">http:\/\/www.handelsblatt.com\/politik\/international\/russland-eu-hob-klammheimlich-ukraine-waffenembargo\/10284014.html<\/a><br \/>\n<a href=\"http:\/\/www.ausfuhrkontrolle.info\/ausfuhrkontrolle\/de\/embargos\/irak\/\">http:\/\/www.ausfuhrkontrolle.info\/ausfuhrkontrolle\/de\/embargos\/irak\/<\/a><br \/>\n<a href=\"http:\/\/www.ausfuhrkontrolle.info\/ausfuhrkontrolle\/de\/embargos\/index.html\">http:\/\/www.ausfuhrkontrolle.info\/ausfuhrkontrolle\/de\/embargos\/index.html<\/a><\/p>\n","protected":false},"excerpt":{"rendered":"<p>Ein Embargo bedeutet das Verbot des Exports und Imports von Waren, Rohstoffen und Kapital. Es ist ein Druckmittel der internationalen Politik, um so Einfluss auf andere Staaten nehmen zu k\u00f6nnen. Sollte die Regierung im Konfliktland weiterhin Menschenrechte verletzen, &hellip; <\/p>\n<div class=\"more-link-wrapper\"><a href=\"https:\/\/www.civilpowker.de\/?page_id=154\" class=\"more-link\">Continue reading<span class=\"screen-reader-text\"> &#8222;Handelsembargo&#8220;<\/span><\/a><\/div>\n","protected":false},"author":1,"featured_media":0,"parent":87,"menu_order":0,"comment_status":"closed","ping_status":"open","template":"","meta":{"footnotes":""},"class_list":["post-154","page","type-page","status-publish","hentry"],"_links":{"self":[{"href":"https:\/\/www.civilpowker.de\/index.php?rest_route=\/wp\/v2\/pages\/154","targetHints":{"allow":["GET"]}}],"collection":[{"href":"https:\/\/www.civilpowker.de\/index.php?rest_route=\/wp\/v2\/pages"}],"about":[{"href":"https:\/\/www.civilpowker.de\/index.php?rest_route=\/wp\/v2\/types\/page"}],"author":[{"embeddable":true,"href":"https:\/\/www.civilpowker.de\/index.php?rest_route=\/wp\/v2\/users\/1"}],"replies":[{"embeddable":true,"href":"https:\/\/www.civilpowker.de\/index.php?rest_route=%2Fwp%2Fv2%2Fcomments&post=154"}],"version-history":[{"count":1,"href":"https:\/\/www.civilpowker.de\/index.php?rest_route=\/wp\/v2\/pages\/154\/revisions"}],"predecessor-version":[{"id":155,"href":"https:\/\/www.civilpowker.de\/index.php?rest_route=\/wp\/v2\/pages\/154\/revisions\/155"}],"up":[{"embeddable":true,"href":"https:\/\/www.civilpowker.de\/index.php?rest_route=\/wp\/v2\/pages\/87"}],"wp:attachment":[{"href":"https:\/\/www.civilpowker.de\/index.php?rest_route=%2Fwp%2Fv2%2Fmedia&parent=154"}],"curies":[{"name":"wp","href":"https:\/\/api.w.org\/{rel}","templated":true}]}}