{"id":162,"date":"2015-07-08T14:26:42","date_gmt":"2015-07-08T14:26:42","guid":{"rendered":"http:\/\/neu.civilpowker.de\/?page_id=162"},"modified":"2015-07-08T14:26:42","modified_gmt":"2015-07-08T14:26:42","slug":"reduzierung-des-militaerhaushalts-und-umwidmung-in-zivilen-friedensdienst","status":"publish","type":"page","link":"https:\/\/www.civilpowker.de\/?page_id=162","title":{"rendered":"Reduzierung des Milit\u00e4rhaushalts und Umwidmung in zivilen Friedensdienst"},"content":{"rendered":"<p>Milit\u00e4rische Ressourcen (Soldaten, Waffen, Ausr\u00fcstung) der Bundeswehr werden abgebaut<br \/>\n(Abr\u00fcstung). Die zwischenstaatliche Gewaltanwendung wird damit einged\u00e4mmt. Stattdessen flie\u00dft<br \/>\nmehr Geld in den zivilen Friedensdienst (ZFD).<br \/>\nAbr\u00fcstung bezeichnet alle Ma\u00dfnahmen, die vorgenommen werden, um vorhandene milit\u00e4rische<br \/>\nMachtmittel abzuschaffen. Damit kann zur Verminderung der internationalen Kriegsgefahr beigetragen werden.<br \/>\nDerzeit gibt der deutsche Staat dem Milit\u00e4r den Vorrang vor ziviler Pr\u00e4vention- und Friedensarbeit. Unterschiedliche Kampagnen setzten setzt sich daf\u00fcr ein, dass Gelder, die aus dem Verteidigungshaushalt kommen, f\u00fcr die n\u00e4chsten Jahre in den Ausbau des zivilen Friedensdienstes<br \/>\numgewidmet werden. Damit k\u00f6nnen zivile Friedensfachkr\u00e4fte langfristig und nachhaltig mit PartnerInnen in Krisengebieten an Gewaltpr\u00e4vention, Waffenstillstand und gesellschaftlicher Ver\u00e4nderung in Richtung Frieden und demokratisches Zusammenleben arbeiten.<\/p>\n<p>Mehr Information:<\/p>\n<p><a href=\"http:\/\/www.linksfraktion.de\/im-wortlaut\/reduzierung-mittel-friedliche-aussenpolitik-schlechtes-zeichen\/\">http:\/\/www.linksfraktion.de\/im-wortlaut\/reduzierung-mittel-friedliche-aussenpolitik-schlechtes-zeichen\/<\/a><br \/>\n<a href=\"http:\/\/www.20millionen-mehr-vom-militaer.de\/\">http:\/\/www.20millionen-mehr-vom-militaer.de\/<\/a><\/p>\n","protected":false},"excerpt":{"rendered":"<p>Milit\u00e4rische Ressourcen (Soldaten, Waffen, Ausr\u00fcstung) der Bundeswehr werden abgebaut (Abr\u00fcstung). Die zwischenstaatliche Gewaltanwendung wird damit einged\u00e4mmt. Stattdessen flie\u00dft mehr Geld in den zivilen Friedensdienst (ZFD). Abr\u00fcstung bezeichnet alle Ma\u00dfnahmen, die vorgenommen werden, um vorhandene milit\u00e4rische Machtmittel abzuschaffen. Damit &hellip; <\/p>\n<div class=\"more-link-wrapper\"><a href=\"https:\/\/www.civilpowker.de\/?page_id=162\" class=\"more-link\">Continue reading<span class=\"screen-reader-text\"> &#8222;Reduzierung des Milit\u00e4rhaushalts und Umwidmung in zivilen Friedensdienst&#8220;<\/span><\/a><\/div>\n","protected":false},"author":1,"featured_media":0,"parent":87,"menu_order":0,"comment_status":"closed","ping_status":"open","template":"","meta":{"footnotes":""},"class_list":["post-162","page","type-page","status-publish","hentry"],"_links":{"self":[{"href":"https:\/\/www.civilpowker.de\/index.php?rest_route=\/wp\/v2\/pages\/162","targetHints":{"allow":["GET"]}}],"collection":[{"href":"https:\/\/www.civilpowker.de\/index.php?rest_route=\/wp\/v2\/pages"}],"about":[{"href":"https:\/\/www.civilpowker.de\/index.php?rest_route=\/wp\/v2\/types\/page"}],"author":[{"embeddable":true,"href":"https:\/\/www.civilpowker.de\/index.php?rest_route=\/wp\/v2\/users\/1"}],"replies":[{"embeddable":true,"href":"https:\/\/www.civilpowker.de\/index.php?rest_route=%2Fwp%2Fv2%2Fcomments&post=162"}],"version-history":[{"count":1,"href":"https:\/\/www.civilpowker.de\/index.php?rest_route=\/wp\/v2\/pages\/162\/revisions"}],"predecessor-version":[{"id":163,"href":"https:\/\/www.civilpowker.de\/index.php?rest_route=\/wp\/v2\/pages\/162\/revisions\/163"}],"up":[{"embeddable":true,"href":"https:\/\/www.civilpowker.de\/index.php?rest_route=\/wp\/v2\/pages\/87"}],"wp:attachment":[{"href":"https:\/\/www.civilpowker.de\/index.php?rest_route=%2Fwp%2Fv2%2Fmedia&parent=162"}],"curies":[{"name":"wp","href":"https:\/\/api.w.org\/{rel}","templated":true}]}}