{"id":164,"date":"2015-07-08T14:28:32","date_gmt":"2015-07-08T14:28:32","guid":{"rendered":"http:\/\/neu.civilpowker.de\/?page_id=164"},"modified":"2015-07-08T14:28:32","modified_gmt":"2015-07-08T14:28:32","slug":"humanitaere-nothilfe","status":"publish","type":"page","link":"https:\/\/www.civilpowker.de\/?page_id=164","title":{"rendered":"Humanit\u00e4re Nothilfe"},"content":{"rendered":"<p>Die humanit\u00e4re Nothilfe setzt ein, wenn in einem Land Armut herrscht aufgrund von Naturkatastrophen, wie D\u00fcrre oder Erdbeben, oder von Menschen heraufbeschworenen Krisen, wie Kriege oder Vertreibungen. Die humanit\u00e4re Nothilfe hat im Wesentlichen drei Phasen: die schnelle Soforthilfe (zum Beispiel die Verteilung von Nahrung und Decken), die mittelfristige Rehabilitation (R\u00fcckf\u00fchrung von Fl\u00fcchtlingen und Wiederaufbau) und der l\u00e4ngerfristige \u00dcbergang zur Entwicklungszusammenarbeit (Ern\u00e4hrungssicherung usw.). Bei der schnellen Soforthilfe sind Spontanit\u00e4t und Flexibilit\u00e4t gefragt, da sich auf die jeweilige Notlage eingestellt und dementsprechend Hilfe geleistet werden muss.<\/p>\n<p>Mehr Information:<\/p>\n<p><a href=\"http:\/\/www.auswaertiges-amt.de\/DE\/Aussenpolitik\/HumanitaereHilfe\/Uebersicht_node.html\">http:\/\/www.auswaertiges-amt.de\/DE\/Aussenpolitik\/HumanitaereHilfe\/Uebersicht_node.html<\/a><br \/>\n<a href=\"http:\/\/www.armut.de\/bekaempfung-der-armut_lokale-strategien_humanitaere-nothilfe-undkatastrophenschutz.php\">http:\/\/www.armut.de\/bekaempfung-der-armut_lokale-strategien_humanitaere-nothilfe-undkatastrophenschutz.php<\/a><br \/>\n<a href=\"http:\/\/www.humanit\u00e4re-hilfe.de\">www.humanit\u00e4re-hilfe.de<\/a><\/p>\n","protected":false},"excerpt":{"rendered":"<p>Die humanit\u00e4re Nothilfe setzt ein, wenn in einem Land Armut herrscht aufgrund von Naturkatastrophen, wie D\u00fcrre oder Erdbeben, oder von Menschen heraufbeschworenen Krisen, wie Kriege oder Vertreibungen. Die humanit\u00e4re Nothilfe hat im Wesentlichen drei Phasen: die schnelle Soforthilfe &hellip; <\/p>\n<div class=\"more-link-wrapper\"><a href=\"https:\/\/www.civilpowker.de\/?page_id=164\" class=\"more-link\">Continue reading<span class=\"screen-reader-text\"> &#8222;Humanit\u00e4re Nothilfe&#8220;<\/span><\/a><\/div>\n","protected":false},"author":1,"featured_media":0,"parent":87,"menu_order":0,"comment_status":"closed","ping_status":"open","template":"","meta":{"footnotes":""},"class_list":["post-164","page","type-page","status-publish","hentry"],"_links":{"self":[{"href":"https:\/\/www.civilpowker.de\/index.php?rest_route=\/wp\/v2\/pages\/164","targetHints":{"allow":["GET"]}}],"collection":[{"href":"https:\/\/www.civilpowker.de\/index.php?rest_route=\/wp\/v2\/pages"}],"about":[{"href":"https:\/\/www.civilpowker.de\/index.php?rest_route=\/wp\/v2\/types\/page"}],"author":[{"embeddable":true,"href":"https:\/\/www.civilpowker.de\/index.php?rest_route=\/wp\/v2\/users\/1"}],"replies":[{"embeddable":true,"href":"https:\/\/www.civilpowker.de\/index.php?rest_route=%2Fwp%2Fv2%2Fcomments&post=164"}],"version-history":[{"count":1,"href":"https:\/\/www.civilpowker.de\/index.php?rest_route=\/wp\/v2\/pages\/164\/revisions"}],"predecessor-version":[{"id":165,"href":"https:\/\/www.civilpowker.de\/index.php?rest_route=\/wp\/v2\/pages\/164\/revisions\/165"}],"up":[{"embeddable":true,"href":"https:\/\/www.civilpowker.de\/index.php?rest_route=\/wp\/v2\/pages\/87"}],"wp:attachment":[{"href":"https:\/\/www.civilpowker.de\/index.php?rest_route=%2Fwp%2Fv2%2Fmedia&parent=164"}],"curies":[{"name":"wp","href":"https:\/\/api.w.org\/{rel}","templated":true}]}}