{"id":170,"date":"2015-07-08T14:33:43","date_gmt":"2015-07-08T14:33:43","guid":{"rendered":"http:\/\/neu.civilpowker.de\/?page_id=170"},"modified":"2015-07-08T14:33:43","modified_gmt":"2015-07-08T14:33:43","slug":"un-beobachter-entsenden","status":"publish","type":"page","link":"https:\/\/www.civilpowker.de\/?page_id=170","title":{"rendered":"UN-Beobachter entsenden"},"content":{"rendered":"<p>Beobachter, die von der UNO (Organisation der Vereinten Nationen) in das Konfliktland gesandt werden, gelten als die \u201eAugen und Ohren\u201c der UNO-Sicherheitsrats. Deutschland kann sich mit der Bereitstellung von Bundeswehrsoldaten an einer UN-Beobachtermission beteiligen.<br \/>\nDie UN-Milit\u00e4rbeobachter sind unbewaffnet und zu strikter Neutralit\u00e4t gegen\u00fcber den Konfliktparteien aufgerufen. Sie sind Teil der Friedenstruppen der Vereinten Nationen (Blauhelme). Die Aufgabe der Beobachter ist die \u00dcberwachung von Waffenstillstands- bzw. Friedensabkommen und das Beobachten und Berichten von milit\u00e4rischen Aktivit\u00e4ten oder Kampfhandlungen. Die eingesetzten Beobachter m\u00fcssen Offiziere sein, da milit\u00e4risches und taktisches Wissen Voraussetzung f\u00fcr die Arbeit ist. Eine Beobachtermission der Vereinten Nationen findet nur mit Zustimmung der Regierung des Gastlandes oder aber aller beteiligten Konfliktparteien statt.<\/p>\n<h5>Mehr Information:<\/h5>\n<p><a href=\"http:\/\/www.wissen.de\/un-blauhelm-missionen-eine-uebersicht\">http:\/\/www.wissen.de\/un-blauhelm-missionen-eine-uebersicht<\/a><br \/>\n<a href=\"http:\/\/www.bpb.de\/apuz\/30529\/erfolge-und-grenzen-von-friedensmissionen\">http:\/\/www.bpb.de\/apuz\/30529\/erfolge-und-grenzen-von-friedensmissionen<\/a><\/p>\n","protected":false},"excerpt":{"rendered":"<p>Beobachter, die von der UNO (Organisation der Vereinten Nationen) in das Konfliktland gesandt werden, gelten als die \u201eAugen und Ohren\u201c der UNO-Sicherheitsrats. Deutschland kann sich mit der Bereitstellung von Bundeswehrsoldaten an einer UN-Beobachtermission beteiligen. Die UN-Milit\u00e4rbeobachter sind unbewaffnet &hellip; <\/p>\n<div class=\"more-link-wrapper\"><a href=\"https:\/\/www.civilpowker.de\/?page_id=170\" class=\"more-link\">Continue reading<span class=\"screen-reader-text\"> &#8222;UN-Beobachter entsenden&#8220;<\/span><\/a><\/div>\n","protected":false},"author":1,"featured_media":0,"parent":87,"menu_order":0,"comment_status":"closed","ping_status":"open","template":"","meta":{"footnotes":""},"class_list":["post-170","page","type-page","status-publish","hentry"],"_links":{"self":[{"href":"https:\/\/www.civilpowker.de\/index.php?rest_route=\/wp\/v2\/pages\/170","targetHints":{"allow":["GET"]}}],"collection":[{"href":"https:\/\/www.civilpowker.de\/index.php?rest_route=\/wp\/v2\/pages"}],"about":[{"href":"https:\/\/www.civilpowker.de\/index.php?rest_route=\/wp\/v2\/types\/page"}],"author":[{"embeddable":true,"href":"https:\/\/www.civilpowker.de\/index.php?rest_route=\/wp\/v2\/users\/1"}],"replies":[{"embeddable":true,"href":"https:\/\/www.civilpowker.de\/index.php?rest_route=%2Fwp%2Fv2%2Fcomments&post=170"}],"version-history":[{"count":1,"href":"https:\/\/www.civilpowker.de\/index.php?rest_route=\/wp\/v2\/pages\/170\/revisions"}],"predecessor-version":[{"id":171,"href":"https:\/\/www.civilpowker.de\/index.php?rest_route=\/wp\/v2\/pages\/170\/revisions\/171"}],"up":[{"embeddable":true,"href":"https:\/\/www.civilpowker.de\/index.php?rest_route=\/wp\/v2\/pages\/87"}],"wp:attachment":[{"href":"https:\/\/www.civilpowker.de\/index.php?rest_route=%2Fwp%2Fv2%2Fmedia&parent=170"}],"curies":[{"name":"wp","href":"https:\/\/api.w.org\/{rel}","templated":true}]}}