{"id":176,"date":"2015-07-08T14:40:27","date_gmt":"2015-07-08T14:40:27","guid":{"rendered":"http:\/\/neu.civilpowker.de\/?page_id=176"},"modified":"2015-07-08T14:40:27","modified_gmt":"2015-07-08T14:40:27","slug":"waren-boykott-von-firmen-die-durch-ruestungsgueter-an-dem-konflikt-beteiligt-sind","status":"publish","type":"page","link":"https:\/\/www.civilpowker.de\/?page_id=176","title":{"rendered":"Waren-Boykott von Firmen, die durch R\u00fcstungsg\u00fcter an dem Konflikt beteiligt sind"},"content":{"rendered":"<p>Ein Boykott ist ein organisiertes wirtschaftliches, soziales oder politisches Druckmittel der Zivilgesellschaft. Durch einen Warenboykott werden Unternehmen vom regelm\u00e4\u00dfigen Gesch\u00e4ftsverkehr<br \/>\nausgeschlossen. Ihre Waren, die sie in den Handel bringen wollen, werden aktiv und passiv nicht mehr konsumiert. Aktiver Boykott bedeutet durch Plakate, Handzettel, Internetkampagnen, Zeitungsanzeigen auf den Boykott und dessen Gr\u00fcnde Aufmerksam zu machen. Viele Menschen schlie\u00dfen sich diesem Kaufverhalten an, werben aber nicht offensichtlich f\u00fcr die Gr\u00fcnde (Passiver Boykott).<\/p>\n<p>Der Boykott ist zu einer beliebten Waffe der Zivilgesellschaft gegen die \u00dcbermacht der Gro\u00dfkonzerne<br \/>\ngeworden. Boykotts versuchen unsere Staaten allerdings mit allen rechtlichen Mitteln zu verhindern,<br \/>\nsobald es nicht &#8211; in Form von Sanktionen oder Embargos &#8211; von ihnen ausgeht. Sie verstehen sich n\u00e4mlich nicht nur als Diener der Wirtschaft, sondern auch als Sch\u00fctzer einer bestimmten Wirtschaftsform &#8211; der Marktwirtschaft. Auch durch die Vergabe von Monopolen haben viele Staaten jeder M\u00f6glichkeit eines Boykotts einen Riegel vorgeschoben.<br \/>\nEin Boykott aus der Zivilgesellschaft braucht Vorbereitung. Zuerst m\u00fcssen die Verflechtungen des<br \/>\nZiel-Unternehmens mit dem Konflikt herausgefunden werden. Dann braucht es Produkte, die tats\u00e4chlich<br \/>\nvon vielen Menschen boykottiert werden k\u00f6nnen. Es muss auch noch \u00fcberlegt werden, ob es<br \/>\nAlternativen von Unternehmen gibt, die nicht am Konflikt beteiligt sind. Ein Boykott braucht eine<br \/>\nbegleitende Kampagne, die immer wieder darauf aufmerksam macht, um was es bei dem Verzicht<br \/>\neigentlich geht.<\/p>\n<h5>Wichtige erfolgreiche Boykottaktionen in den letzten Jahren:<\/h5>\n<p>Boykottiert Nestle: <a href=\"http:\/\/www.babynahrung.org\">www.babynahrung.org<\/a>; <a href=\"http:\/\/www.naturwelt.org\/was-tun\/raubtierkapitalismus\/nestl%C3%A9\/\">http:\/\/www.naturwelt.org\/was-tun\/raubtierkapitalismus\/nestl%C3%A9\/<\/a><br \/>\nAktiv gegen Kinderarbeit: <a href=\"http:\/\/www.aktiv-gegen-kinderarbeit.de\">www.aktiv-gegen-kinderarbeit.de<\/a><br \/>\nAktion Aufschrei: Stoppt den Waffenhandel: <a href=\"http:\/\/www.wir-kaufen-keinen-mercedes.de\">www.wir-kaufen-keinen-mercedes.de<\/a><\/p>\n<p>Aktuelle Aktionen an denen man sich beteiligen kann:<br \/>\nBoykott von Handys: <a href=\"http:\/\/www.whywar.at\/handy_krieg_kongo\">http:\/\/www.whywar.at\/handy_krieg_kongo<\/a><br \/>\nSchwarzbuch Markenfirmen: <a href=\"http:\/\/markenfirmen.com\">http:\/\/markenfirmen.com<\/a><br \/>\nWaffen vom Bodensee: <a href=\"http:\/\/www.waffenvombodensee.com\/\">http:\/\/www.waffenvombodensee.com\/<\/a><\/p>\n","protected":false},"excerpt":{"rendered":"<p>Ein Boykott ist ein organisiertes wirtschaftliches, soziales oder politisches Druckmittel der Zivilgesellschaft. Durch einen Warenboykott werden Unternehmen vom regelm\u00e4\u00dfigen Gesch\u00e4ftsverkehr ausgeschlossen. Ihre Waren, die sie in den Handel bringen wollen, werden aktiv und passiv nicht mehr konsumiert. Aktiver &hellip; <\/p>\n<div class=\"more-link-wrapper\"><a href=\"https:\/\/www.civilpowker.de\/?page_id=176\" class=\"more-link\">Continue reading<span class=\"screen-reader-text\"> &#8222;Waren-Boykott von Firmen, die durch R\u00fcstungsg\u00fcter an dem Konflikt beteiligt sind&#8220;<\/span><\/a><\/div>\n","protected":false},"author":1,"featured_media":0,"parent":89,"menu_order":0,"comment_status":"closed","ping_status":"open","template":"","meta":{"footnotes":""},"class_list":["post-176","page","type-page","status-publish","hentry"],"_links":{"self":[{"href":"https:\/\/www.civilpowker.de\/index.php?rest_route=\/wp\/v2\/pages\/176","targetHints":{"allow":["GET"]}}],"collection":[{"href":"https:\/\/www.civilpowker.de\/index.php?rest_route=\/wp\/v2\/pages"}],"about":[{"href":"https:\/\/www.civilpowker.de\/index.php?rest_route=\/wp\/v2\/types\/page"}],"author":[{"embeddable":true,"href":"https:\/\/www.civilpowker.de\/index.php?rest_route=\/wp\/v2\/users\/1"}],"replies":[{"embeddable":true,"href":"https:\/\/www.civilpowker.de\/index.php?rest_route=%2Fwp%2Fv2%2Fcomments&post=176"}],"version-history":[{"count":1,"href":"https:\/\/www.civilpowker.de\/index.php?rest_route=\/wp\/v2\/pages\/176\/revisions"}],"predecessor-version":[{"id":177,"href":"https:\/\/www.civilpowker.de\/index.php?rest_route=\/wp\/v2\/pages\/176\/revisions\/177"}],"up":[{"embeddable":true,"href":"https:\/\/www.civilpowker.de\/index.php?rest_route=\/wp\/v2\/pages\/89"}],"wp:attachment":[{"href":"https:\/\/www.civilpowker.de\/index.php?rest_route=%2Fwp%2Fv2%2Fmedia&parent=176"}],"curies":[{"name":"wp","href":"https:\/\/api.w.org\/{rel}","templated":true}]}}