{"id":180,"date":"2015-07-08T14:46:18","date_gmt":"2015-07-08T14:46:18","guid":{"rendered":"http:\/\/neu.civilpowker.de\/?page_id=180"},"modified":"2015-07-08T14:46:18","modified_gmt":"2015-07-08T14:46:18","slug":"grossformatige-anzeigen-in-zeitungen-mit-hoher-auflage","status":"publish","type":"page","link":"https:\/\/www.civilpowker.de\/?page_id=180","title":{"rendered":"Gro\u00dfformatige Anzeigen in Zeitungen mit hoher Auflage"},"content":{"rendered":"<p>Gro\u00dfe Anzeigen haben den Zweck auf das Anliegen aufmerksam zu machen. Es soll \u00d6ffentlichkeit geschaffen werden. Der Nachteil dieser Anzeigen: Sie kosten viel! Der Vorteil: es wird unabh\u00e4ngig von redaktionellen Einfl\u00fcssen eine gro\u00dfe Breite der Bev\u00f6lkerung erreicht. Unklar ist, ob aus diesen Anzeigen auch Handlungen erfolgen. Aus diesem Grund ist es sehr wichtig in einer Anzeige konkrete umsetzbare Handlungsschritte aufzuzeigen.<\/p>\n<p>Selbst Ministerien lassen sich gro\u00dffl\u00e4chige Anzeigen von Unternehmen finanzieren. Da Anzeigen sehr teuer sind, ist es wichtig f\u00fcr eine Anzeigenserie Sponsoren zu gewinnen. F\u00fcr eine gelungene Anzeige braucht es ein klare Forderung oder Problembeschreibung. Was soll mit einer Anzeige ausgesagt werden? Wozu sollen die Leser_innen einer Anzeige gebracht werden?<\/p>\n","protected":false},"excerpt":{"rendered":"<p>Gro\u00dfe Anzeigen haben den Zweck auf das Anliegen aufmerksam zu machen. Es soll \u00d6ffentlichkeit geschaffen werden. Der Nachteil dieser Anzeigen: Sie kosten viel! Der Vorteil: es wird unabh\u00e4ngig von redaktionellen Einfl\u00fcssen eine gro\u00dfe Breite der Bev\u00f6lkerung erreicht. Unklar &hellip; <\/p>\n<div class=\"more-link-wrapper\"><a href=\"https:\/\/www.civilpowker.de\/?page_id=180\" class=\"more-link\">Continue reading<span class=\"screen-reader-text\"> &#8222;Gro\u00dfformatige Anzeigen in Zeitungen mit hoher Auflage&#8220;<\/span><\/a><\/div>\n","protected":false},"author":1,"featured_media":0,"parent":89,"menu_order":0,"comment_status":"closed","ping_status":"open","template":"","meta":{"footnotes":""},"class_list":["post-180","page","type-page","status-publish","hentry"],"_links":{"self":[{"href":"https:\/\/www.civilpowker.de\/index.php?rest_route=\/wp\/v2\/pages\/180","targetHints":{"allow":["GET"]}}],"collection":[{"href":"https:\/\/www.civilpowker.de\/index.php?rest_route=\/wp\/v2\/pages"}],"about":[{"href":"https:\/\/www.civilpowker.de\/index.php?rest_route=\/wp\/v2\/types\/page"}],"author":[{"embeddable":true,"href":"https:\/\/www.civilpowker.de\/index.php?rest_route=\/wp\/v2\/users\/1"}],"replies":[{"embeddable":true,"href":"https:\/\/www.civilpowker.de\/index.php?rest_route=%2Fwp%2Fv2%2Fcomments&post=180"}],"version-history":[{"count":1,"href":"https:\/\/www.civilpowker.de\/index.php?rest_route=\/wp\/v2\/pages\/180\/revisions"}],"predecessor-version":[{"id":181,"href":"https:\/\/www.civilpowker.de\/index.php?rest_route=\/wp\/v2\/pages\/180\/revisions\/181"}],"up":[{"embeddable":true,"href":"https:\/\/www.civilpowker.de\/index.php?rest_route=\/wp\/v2\/pages\/89"}],"wp:attachment":[{"href":"https:\/\/www.civilpowker.de\/index.php?rest_route=%2Fwp%2Fv2%2Fmedia&parent=180"}],"curies":[{"name":"wp","href":"https:\/\/api.w.org\/{rel}","templated":true}]}}