{"id":182,"date":"2015-07-08T14:48:20","date_gmt":"2015-07-08T14:48:20","guid":{"rendered":"http:\/\/neu.civilpowker.de\/?page_id=182"},"modified":"2015-07-08T14:48:20","modified_gmt":"2015-07-08T14:48:20","slug":"gewaltfreie-aktion-die-in-oder-smartmob","status":"publish","type":"page","link":"https:\/\/www.civilpowker.de\/?page_id=182","title":{"rendered":"Gewaltfreie Aktion: Die-in oder smartmob"},"content":{"rendered":"<p>&#8222;Die-in&#8220; ist eine Aktionsform des gewaltlosen Widerstands. Dabei legen sich Demonstrierende in der<br \/>\n\u00d6ffentlichkeit- auf ein Signal hin- pl\u00f6tzlich wie tot zu Boden, um zu demonstrieren, dass man einen<br \/>\nbestimmten politischen Sachverhalt f\u00fcr lebensbedrohend oder unmenschlich h\u00e4lt. Ein Die-In ist in<br \/>\nder Regel angemeldet und vorbereitet. Durch die neuen Medien ist eine andere Form von \u00f6ffentlicher<br \/>\nMeinungssymbolik entstanden. Ein Flashmob ist ein spontaner Menschenauflauf auf \u00f6ffentlichen<br \/>\nPl\u00e4tzen. Meist wird er durch die sozialen Medien aufgerufen. Der von der Ursprungsidee unpolitische<br \/>\nFlashmob wird heute f\u00fcr zielgerichtete Aktionen von sozialen Bewegungen verwendet. Zur Unterscheidung nennt man diesen dann &#8222;smartmob&#8220;.<\/p>\n<p>Gewaltfreier Widerstand ist so alt wie die Menschheit. Zentral ist dabei die Einstellung konsequent<br \/>\nauf Gewalt als (letztes) Mittel der Konfliktaustragung zu verzichten. Gewaltfreie Aktivisten \u00fcberlegen<br \/>\nalso nicht, wie besiegen wir den Gegner, sondern wie schaffen wir eine Situation, um in einen\u00a0 konstruktiven Dialog zu gelangen. Die Methode Die-in oder smartmob soll Aufmerksamkeit erreichen,<br \/>\num in der \u00d6ffentlichkeit mit den Menschen in einen konstruktiven Dialog zu gelangen.<\/p>\n<h5>Mehr Information:<\/h5>\n<p>Bittl, Karl-Heinz: Gewaltfrei handeln, N\u00fcrnberg, 1992<br \/>\nLeben im Schwarm zu lesen auf: <a href=\"http:\/\/www.changex.de\/Article\/article_924\">http:\/\/www.changex.de\/Article\/article_924<\/a><br \/>\n<a href=\"http:\/\/www.smartmobs.com\/\">http:\/\/www.smartmobs.com\/<\/a><br \/>\nsmartmob und die-in heute, ein Video<a href=\"https:\/\/www.youtube.com\/watch?v=RtMoWobCUvM&amp;feature=youtube_gdata_player\">https:\/\/www.youtube.com\/watch?v=RtMoWobCUvM&amp;feature=youtube_gdata_player<\/a><br \/>\n<a href=\"http:\/\/jetzt.sueddeutsche.de\/texte\/anzeigen\/511984\/Vom-Flashmob-zum-Smartmob-Wie-ernst-muss-man-Spassdemos-nehmen\">http:\/\/jetzt.sueddeutsche.de\/texte\/anzeigen\/511984\/Vom-Flashmob-zum-Smartmob-Wie-ernst-muss-man-Spassdemos-nehmen<\/a><\/p>\n","protected":false},"excerpt":{"rendered":"<p>&#8222;Die-in&#8220; ist eine Aktionsform des gewaltlosen Widerstands. Dabei legen sich Demonstrierende in der \u00d6ffentlichkeit- auf ein Signal hin- pl\u00f6tzlich wie tot zu Boden, um zu demonstrieren, dass man einen bestimmten politischen Sachverhalt f\u00fcr lebensbedrohend oder unmenschlich h\u00e4lt. Ein &hellip; <\/p>\n<div class=\"more-link-wrapper\"><a href=\"https:\/\/www.civilpowker.de\/?page_id=182\" class=\"more-link\">Continue reading<span class=\"screen-reader-text\"> &#8222;Gewaltfreie Aktion: Die-in oder smartmob&#8220;<\/span><\/a><\/div>\n","protected":false},"author":1,"featured_media":0,"parent":89,"menu_order":0,"comment_status":"closed","ping_status":"open","template":"","meta":{"footnotes":""},"class_list":["post-182","page","type-page","status-publish","hentry"],"_links":{"self":[{"href":"https:\/\/www.civilpowker.de\/index.php?rest_route=\/wp\/v2\/pages\/182","targetHints":{"allow":["GET"]}}],"collection":[{"href":"https:\/\/www.civilpowker.de\/index.php?rest_route=\/wp\/v2\/pages"}],"about":[{"href":"https:\/\/www.civilpowker.de\/index.php?rest_route=\/wp\/v2\/types\/page"}],"author":[{"embeddable":true,"href":"https:\/\/www.civilpowker.de\/index.php?rest_route=\/wp\/v2\/users\/1"}],"replies":[{"embeddable":true,"href":"https:\/\/www.civilpowker.de\/index.php?rest_route=%2Fwp%2Fv2%2Fcomments&post=182"}],"version-history":[{"count":1,"href":"https:\/\/www.civilpowker.de\/index.php?rest_route=\/wp\/v2\/pages\/182\/revisions"}],"predecessor-version":[{"id":183,"href":"https:\/\/www.civilpowker.de\/index.php?rest_route=\/wp\/v2\/pages\/182\/revisions\/183"}],"up":[{"embeddable":true,"href":"https:\/\/www.civilpowker.de\/index.php?rest_route=\/wp\/v2\/pages\/89"}],"wp:attachment":[{"href":"https:\/\/www.civilpowker.de\/index.php?rest_route=%2Fwp%2Fv2%2Fmedia&parent=182"}],"curies":[{"name":"wp","href":"https:\/\/api.w.org\/{rel}","templated":true}]}}