{"id":184,"date":"2015-07-08T14:50:05","date_gmt":"2015-07-08T14:50:05","guid":{"rendered":"http:\/\/neu.civilpowker.de\/?page_id=184"},"modified":"2015-07-08T14:50:05","modified_gmt":"2015-07-08T14:50:05","slug":"demonstration-oder-oeffentliche-kundgebung","status":"publish","type":"page","link":"https:\/\/www.civilpowker.de\/?page_id=184","title":{"rendered":"Demonstration oder \u00f6ffentliche Kundgebung"},"content":{"rendered":"<p>Eine Demonstration im politischen Sinne ist eine in der \u00d6ffentlichkeit stattfindende Versammlung mehrerer Personen zum Zwecke der Meinungs\u00e4u\u00dferung. Je mehr Menschen auf die Stra\u00dfe gehen, desto mehr wird auf deren Meinung geachtet.<\/p>\n<p>In jeder Demokratie ist die Form der Demonstration ein Grundrecht. Die Menschen d\u00fcrfen sich zu einem politischen Zweck frei versammeln und gegen oder f\u00fcr etwas eintreten. Demonstrationen bed\u00fcrfen einer Anmeldung, bei der Weg, Ziel und Anzahl der Teilnehmenden mitgeteilt werden. Das zust\u00e4ndige Amt ist das Ordnungsamt.<br \/>\nDie Aufgabe des Ordnungsamtes ist es f\u00fcr einen sicheren Verlauf der Demonstration zu sorgen. Dazu werden die Exekutivorgane (wie z.B. die Polizei) angeh\u00f6rt und eingesetzt.<\/p>\n<h5>Mehr Information:<\/h5>\n<p><a href=\"http:\/\/droits-de-lhomme.ch\/demonstration-organisieren\/\">http:\/\/droits-de-lhomme.ch\/demonstration-organisieren\/<\/a><br \/>\n<a href=\"http:\/\/organize.blogsport.eu\/files\/2012\/04\/checkliste-demo.pdf\">http:\/\/organize.blogsport.eu\/files\/2012\/04\/checkliste-demo.pdf<\/a><br \/>\n<a href=\"http:\/\/de.wikibooks.org\/wiki\/Demonstration_und_politischer_Aktivismus:_Aktionsformen\">http:\/\/de.wikibooks.org\/wiki\/Demonstration_und_politischer_Aktivismus:_Aktionsformen<\/a><\/p>\n","protected":false},"excerpt":{"rendered":"<p>Eine Demonstration im politischen Sinne ist eine in der \u00d6ffentlichkeit stattfindende Versammlung mehrerer Personen zum Zwecke der Meinungs\u00e4u\u00dferung. Je mehr Menschen auf die Stra\u00dfe gehen, desto mehr wird auf deren Meinung geachtet. In jeder Demokratie ist die Form &hellip; <\/p>\n<div class=\"more-link-wrapper\"><a href=\"https:\/\/www.civilpowker.de\/?page_id=184\" class=\"more-link\">Continue reading<span class=\"screen-reader-text\"> &#8222;Demonstration oder \u00f6ffentliche Kundgebung&#8220;<\/span><\/a><\/div>\n","protected":false},"author":1,"featured_media":0,"parent":89,"menu_order":0,"comment_status":"closed","ping_status":"open","template":"","meta":{"footnotes":""},"class_list":["post-184","page","type-page","status-publish","hentry"],"_links":{"self":[{"href":"https:\/\/www.civilpowker.de\/index.php?rest_route=\/wp\/v2\/pages\/184","targetHints":{"allow":["GET"]}}],"collection":[{"href":"https:\/\/www.civilpowker.de\/index.php?rest_route=\/wp\/v2\/pages"}],"about":[{"href":"https:\/\/www.civilpowker.de\/index.php?rest_route=\/wp\/v2\/types\/page"}],"author":[{"embeddable":true,"href":"https:\/\/www.civilpowker.de\/index.php?rest_route=\/wp\/v2\/users\/1"}],"replies":[{"embeddable":true,"href":"https:\/\/www.civilpowker.de\/index.php?rest_route=%2Fwp%2Fv2%2Fcomments&post=184"}],"version-history":[{"count":1,"href":"https:\/\/www.civilpowker.de\/index.php?rest_route=\/wp\/v2\/pages\/184\/revisions"}],"predecessor-version":[{"id":185,"href":"https:\/\/www.civilpowker.de\/index.php?rest_route=\/wp\/v2\/pages\/184\/revisions\/185"}],"up":[{"embeddable":true,"href":"https:\/\/www.civilpowker.de\/index.php?rest_route=\/wp\/v2\/pages\/89"}],"wp:attachment":[{"href":"https:\/\/www.civilpowker.de\/index.php?rest_route=%2Fwp%2Fv2%2Fmedia&parent=184"}],"curies":[{"name":"wp","href":"https:\/\/api.w.org\/{rel}","templated":true}]}}