{"id":194,"date":"2015-07-08T15:00:52","date_gmt":"2015-07-08T15:00:52","guid":{"rendered":"http:\/\/neu.civilpowker.de\/?page_id=194"},"modified":"2015-07-08T15:00:52","modified_gmt":"2015-07-08T15:00:52","slug":"shoppen-fuer-wachstum-und-sicherheit","status":"publish","type":"page","link":"https:\/\/www.civilpowker.de\/?page_id=194","title":{"rendered":"Shoppen f\u00fcr Wachstum und Sicherheit"},"content":{"rendered":"<p>Das Kaufverhalten der Bev\u00f6lkerung ist ein wichtiger Faktor, um die einheimische Wirtschaft zu stabilisieren. Dabei ist es v\u00f6llig egal was konsumiert wird. Als KonsumentIn hat jedeR die M\u00f6glichkeit das eigene Land wirtschaftlich zu f\u00f6rdern. \u00dcber kurzfristige Darlehen sind auch gr\u00f6\u00dfere Anschaffungen schnell m\u00f6glich.<\/p>\n<p>Die gegenw\u00e4rtige Wirtschaftskrise beeinflusst das Verbraucherverhalten nachhaltig. Auch Nichtbetroffene haben in der Rezession ihr Verhalten ge\u00e4ndert. Schn\u00e4ppchenj\u00e4ger und Discount-Fans haben Hochkonjunktur: Konsumenten verlassen sich auf den Preiskampf der Anbieter. Abseits von Sonderangeboten wirken komplexe Faktoren auf die Preisbereitschaft. Es zeigt sich, dass Marken mit<br \/>\nMehrwert Gewinner der Krise sind.<\/p>\n<h5>Mehr Information:<\/h5>\n<p><a href=\"http:\/\/www.fairkaufen.info\/arbeitsbedingungen-in-der-textilindustrie-fair-gehandelte-kleidung\/\">http:\/\/www.fairkaufen.info\/arbeitsbedingungen-in-der-textilindustrie-fair-gehandelte-kleidung\/<\/a><br \/>\n<a href=\"http:\/\/www.modeaffaire.de\/ratgeber\/textilekette\/konfektion\/arbeitsbedingungen-in-der-globalen-textilindustrie\/\">http:\/\/www.modeaffaire.de\/ratgeber\/textilekette\/konfektion\/arbeitsbedingungen-in-der-globalen-textilindustrie\/<\/a><br \/>\n<a href=\"http:\/\/www.fairunterwegs.org\/fair-tipps\/zur-vorbereitung-und-unterwegs\/nutzen-fuer-einheimische\/arbeitsbedingungen.html\">http:\/\/www.fairunterwegs.org\/fair-tipps\/zur-vorbereitung-und-unterwegs\/nutzen-fuer-einheimische\/arbeitsbedingungen.html<\/a><br \/>\n<a href=\"http:\/\/www.dw.de\/faire-kleidung-statt-billig-klamotten\/a-16647482\">http:\/\/www.dw.de\/faire-kleidung-statt-billig-klamotten\/a-16647482<\/a><br \/>\n<a href=\"http:\/\/blog.oeko-planet.com\/faire-arbeitsbedingungen-in-der-textilindustrie\/\">http:\/\/blog.oeko-planet.com\/faire-arbeitsbedingungen-in-der-textilindustrie\/<\/a><\/p>\n","protected":false},"excerpt":{"rendered":"<p>Das Kaufverhalten der Bev\u00f6lkerung ist ein wichtiger Faktor, um die einheimische Wirtschaft zu stabilisieren. Dabei ist es v\u00f6llig egal was konsumiert wird. Als KonsumentIn hat jedeR die M\u00f6glichkeit das eigene Land wirtschaftlich zu f\u00f6rdern. \u00dcber kurzfristige Darlehen sind &hellip; <\/p>\n<div class=\"more-link-wrapper\"><a href=\"https:\/\/www.civilpowker.de\/?page_id=194\" class=\"more-link\">Continue reading<span class=\"screen-reader-text\"> &#8222;Shoppen f\u00fcr Wachstum und Sicherheit&#8220;<\/span><\/a><\/div>\n","protected":false},"author":1,"featured_media":0,"parent":89,"menu_order":0,"comment_status":"closed","ping_status":"open","template":"","meta":{"footnotes":""},"class_list":["post-194","page","type-page","status-publish","hentry"],"_links":{"self":[{"href":"https:\/\/www.civilpowker.de\/index.php?rest_route=\/wp\/v2\/pages\/194","targetHints":{"allow":["GET"]}}],"collection":[{"href":"https:\/\/www.civilpowker.de\/index.php?rest_route=\/wp\/v2\/pages"}],"about":[{"href":"https:\/\/www.civilpowker.de\/index.php?rest_route=\/wp\/v2\/types\/page"}],"author":[{"embeddable":true,"href":"https:\/\/www.civilpowker.de\/index.php?rest_route=\/wp\/v2\/users\/1"}],"replies":[{"embeddable":true,"href":"https:\/\/www.civilpowker.de\/index.php?rest_route=%2Fwp%2Fv2%2Fcomments&post=194"}],"version-history":[{"count":1,"href":"https:\/\/www.civilpowker.de\/index.php?rest_route=\/wp\/v2\/pages\/194\/revisions"}],"predecessor-version":[{"id":195,"href":"https:\/\/www.civilpowker.de\/index.php?rest_route=\/wp\/v2\/pages\/194\/revisions\/195"}],"up":[{"embeddable":true,"href":"https:\/\/www.civilpowker.de\/index.php?rest_route=\/wp\/v2\/pages\/89"}],"wp:attachment":[{"href":"https:\/\/www.civilpowker.de\/index.php?rest_route=%2Fwp%2Fv2%2Fmedia&parent=194"}],"curies":[{"name":"wp","href":"https:\/\/api.w.org\/{rel}","templated":true}]}}