{"id":198,"date":"2015-07-08T15:04:37","date_gmt":"2015-07-08T15:04:37","guid":{"rendered":"http:\/\/neu.civilpowker.de\/?page_id=198"},"modified":"2015-07-08T15:04:37","modified_gmt":"2015-07-08T15:04:37","slug":"unmittelbare-kontaktaufnahme-zur-zivilgesellschaft-des-landes","status":"publish","type":"page","link":"https:\/\/www.civilpowker.de\/?page_id=198","title":{"rendered":"Unmittelbare Kontaktaufnahme zur Zivilgesellschaft des Landes"},"content":{"rendered":"<p>Ver\u00e4nderungsprozesse sind in der Regel von Nichtregierungsorganisationen (NGO\u00b4s) in einem Land<br \/>\ngetragen. Sie verf\u00fcgen \u00fcber l\u00e4ngere Erfahrungen beim Organisieren von Kampagnen oder Aktionen.<br \/>\nIhr Informationsnetz geht weit \u00fcber das Landesnetz hinaus. In der Regel sind die Initiatoren der NGO<br \/>\nMenschen, die schon in anderen L\u00e4ndern gelebt haben und Ideen besitzen, wie eine demokratische,<br \/>\ngerechte und freie Gesellschaft aussehen k\u00f6nnte. Viele Nichtregierungsorganisationen in Deutschland<br \/>\nsind schon seit langem mit NGO\u00b4s in dem Land vernetzt. Es gab schon Austauschprojekte, Schulungen<br \/>\nund Ausbildungen. Die Kontakte herzustellen ist ein Risiko f\u00fcr die Akteure in dem Land. Ein Besuch kann evtl. geplant werden. Einzelne autorit\u00e4re Regierungen haben die Macht dieser Vernetzungen erkannt und verhindern massiv eine &#8222;Einflussnahme von au\u00dfen&#8220;. Beispiele: Russland, Ungarn, \u00c4gypten, Nepal, Algerien, China, usw..<\/p>\n<h5>\nMehr Beispiele:<\/h5>\n<p><a href=\"http:\/\/www.intrac.org\/data\/files\/resources\/746\/Briefing-Paper-30-The-NGO-sector-in-Syria.pdf\">http:\/\/www.intrac.org\/data\/files\/resources\/746\/Briefing-Paper-30-The-NGO-sector-in-Syria.pdf<\/a><br \/>\n<a href=\"http:\/\/www.uni-due.de\/in-east\/fileadmin\/publications\/gruen\/paper57.pdf\">http:\/\/www.uni-due.de\/in-east\/fileadmin\/publications\/gruen\/paper57.pdf<\/a><br \/>\n<a href=\"http:\/\/ngocenter-eg.org\/about\/\">http:\/\/ngocenter-eg.org\/about\/<\/a><\/p>\n","protected":false},"excerpt":{"rendered":"<p>Ver\u00e4nderungsprozesse sind in der Regel von Nichtregierungsorganisationen (NGO\u00b4s) in einem Land getragen. Sie verf\u00fcgen \u00fcber l\u00e4ngere Erfahrungen beim Organisieren von Kampagnen oder Aktionen. Ihr Informationsnetz geht weit \u00fcber das Landesnetz hinaus. In der Regel sind die Initiatoren der &hellip; <\/p>\n<div class=\"more-link-wrapper\"><a href=\"https:\/\/www.civilpowker.de\/?page_id=198\" class=\"more-link\">Continue reading<span class=\"screen-reader-text\"> &#8222;Unmittelbare Kontaktaufnahme zur Zivilgesellschaft des Landes&#8220;<\/span><\/a><\/div>\n","protected":false},"author":1,"featured_media":0,"parent":89,"menu_order":0,"comment_status":"closed","ping_status":"open","template":"","meta":{"footnotes":""},"class_list":["post-198","page","type-page","status-publish","hentry"],"_links":{"self":[{"href":"https:\/\/www.civilpowker.de\/index.php?rest_route=\/wp\/v2\/pages\/198","targetHints":{"allow":["GET"]}}],"collection":[{"href":"https:\/\/www.civilpowker.de\/index.php?rest_route=\/wp\/v2\/pages"}],"about":[{"href":"https:\/\/www.civilpowker.de\/index.php?rest_route=\/wp\/v2\/types\/page"}],"author":[{"embeddable":true,"href":"https:\/\/www.civilpowker.de\/index.php?rest_route=\/wp\/v2\/users\/1"}],"replies":[{"embeddable":true,"href":"https:\/\/www.civilpowker.de\/index.php?rest_route=%2Fwp%2Fv2%2Fcomments&post=198"}],"version-history":[{"count":1,"href":"https:\/\/www.civilpowker.de\/index.php?rest_route=\/wp\/v2\/pages\/198\/revisions"}],"predecessor-version":[{"id":199,"href":"https:\/\/www.civilpowker.de\/index.php?rest_route=\/wp\/v2\/pages\/198\/revisions\/199"}],"up":[{"embeddable":true,"href":"https:\/\/www.civilpowker.de\/index.php?rest_route=\/wp\/v2\/pages\/89"}],"wp:attachment":[{"href":"https:\/\/www.civilpowker.de\/index.php?rest_route=%2Fwp%2Fv2%2Fmedia&parent=198"}],"curies":[{"name":"wp","href":"https:\/\/api.w.org\/{rel}","templated":true}]}}