{"id":206,"date":"2015-07-08T15:15:00","date_gmt":"2015-07-08T15:15:00","guid":{"rendered":"http:\/\/neu.civilpowker.de\/?page_id=206"},"modified":"2015-07-14T14:25:57","modified_gmt":"2015-07-14T14:25:57","slug":"unterstuetzung-von-militaerischen-operationen-aufruf-zum-militaerischen-eingreifen","status":"publish","type":"page","link":"https:\/\/www.civilpowker.de\/?page_id=206","title":{"rendered":"Unterst\u00fctzung von milit\u00e4rischen Operationen \u2013 Aufruf zum milit\u00e4rischen Eingreifen"},"content":{"rendered":"<p>Jede milit\u00e4rische Intervention gibt der europ\u00e4ischen R\u00fcstungsindustrie wichtige Auftr\u00e4ge. Gerade in Krisenzeiten ist dies ein wichtiger Faktor in der Entscheidungsfindung. Leider sind nicht alle Argumente nachzupr\u00fcfen. So wurden zum Beispiel in Syrien den Regierungstruppen Massaker unterstellt, die von so genannten Rebellentruppen, bezahlt von Saudi Arabien (Empf\u00e4nger von deutschen R\u00fcstungsg\u00fctern), durchgef\u00fchrt wurden. Im Angriffskrieg gegen den Irak wurde dem Regime von Saddam Husein der Besitz von Massenvernichtungswaffen unterstellt, die nie gefunden wurden.<br \/>\nMilit\u00e4rische Eins\u00e4tze schonen nicht die Zivilbev\u00f6lkerung. In den Angriffsfl\u00fcgen der Nato gegen Libyen wurden offiziell 72 Zivilisten (Frauen und Kinder) get\u00f6tet. (Human Rights Watch (HRW). Da die\u00a0 unterschiedlichen Rebellengruppen ihre \u201ebefeindeten\u201c St\u00e4mme durch Brandschatzen, Morden und Vergewaltigungen \u00fcberh\u00e4uft haben, sind diese Zahlen mit Vorsicht zu genie\u00dfen. \u00c4hnlich ist es aktuell mit der Gruppe Islamischer Staat, die zuerst eine \u201eRebellengruppe\u201c gegen Assad war und heute zur Bedrohung f\u00fcr die Region wurde. Nach Angaben von Werner M\u00fcller (Minister f\u00fcr wirtschaftliche Zusammenarbeit) liefert Katar, ebenfalls Empf\u00e4ngerland von milit\u00e4rischer Unterst\u00fctzung, Know how und Waffen. Bei dem Bombardement der &#8222;Alliierten&#8220; starben und sterben Menschen aus der Zivilbev\u00f6lkerung.<\/p>\n<h5>Mehr Information:<\/h5>\n<p>zur NATO selbst: <a href=\"http:\/\/www.nato.int\">www.nato.int<\/a><br \/>\nzur Kritik an der NATO: <a href=\"http:\/\/www.no-to-nato.org\">www.no-to-nato.org<\/a><br \/>\n<a href=\"http:\/\/www.zeit.de\/politik\/deutschland\/2014-12\/bundeswehr-irak-gysi\">http:\/\/www.zeit.de\/politik\/deutschland\/2014-12\/bundeswehr-irak-gysi<\/a><br \/>\n<a href=\"http:\/\/www.zeit.de\/politik\/ausland\/2014-11\/militaer-frankreich\">http:\/\/www.zeit.de\/politik\/ausland\/2014-11\/militaer-frankreich<\/a><br \/>\n<a href=\"http:\/\/www.zeit.de\/politik\/deutschland\/2014-10\/die-gruenen-katrin-goering-eckardt-syrien\">http:\/\/www.zeit.de\/politik\/deutschland\/2014-10\/die-gruenen-katrin-goering-eckardt-syrien<\/a><br \/>\n<a href=\"http:\/\/www.bmwi.de\/DE\/Presse\/reden,did=661856.html\">http:\/\/www.bmwi.de\/DE\/Presse\/reden,did=661856.html<\/a><br \/>\n<a href=\"http:\/\/de.sputniknews.com\/politik\/20130904\/266802938.html\">http:\/\/de.sputniknews.com\/politik\/20130904\/266802938.html<\/a><br \/>\n<a href=\"http:\/\/www.taz.de\/!108906\/\">http:\/\/www.taz.de\/!108906\/<\/a><br \/>\n<a href=\"http:\/\/www.welt.de\/debatte\/kommentare\/article119405148\/Muss-der-Westen-in-Syrien-eingreifen-Nein.html\">http:\/\/www.welt.de\/debatte\/kommentare\/article119405148\/Muss-der-Westen-in-Syrien-eingreifen-Nein.html<\/a><\/p>\n","protected":false},"excerpt":{"rendered":"<p>Jede milit\u00e4rische Intervention gibt der europ\u00e4ischen R\u00fcstungsindustrie wichtige Auftr\u00e4ge. Gerade in Krisenzeiten ist dies ein wichtiger Faktor in der Entscheidungsfindung. Leider sind nicht alle Argumente nachzupr\u00fcfen. So wurden zum Beispiel in Syrien den Regierungstruppen Massaker unterstellt, die von &hellip; <\/p>\n<div class=\"more-link-wrapper\"><a href=\"https:\/\/www.civilpowker.de\/?page_id=206\" class=\"more-link\">Continue reading<span class=\"screen-reader-text\"> &#8222;Unterst\u00fctzung von milit\u00e4rischen Operationen \u2013 Aufruf zum milit\u00e4rischen Eingreifen&#8220;<\/span><\/a><\/div>\n","protected":false},"author":1,"featured_media":0,"parent":89,"menu_order":0,"comment_status":"closed","ping_status":"open","template":"","meta":{"footnotes":""},"class_list":["post-206","page","type-page","status-publish","hentry"],"_links":{"self":[{"href":"https:\/\/www.civilpowker.de\/index.php?rest_route=\/wp\/v2\/pages\/206","targetHints":{"allow":["GET"]}}],"collection":[{"href":"https:\/\/www.civilpowker.de\/index.php?rest_route=\/wp\/v2\/pages"}],"about":[{"href":"https:\/\/www.civilpowker.de\/index.php?rest_route=\/wp\/v2\/types\/page"}],"author":[{"embeddable":true,"href":"https:\/\/www.civilpowker.de\/index.php?rest_route=\/wp\/v2\/users\/1"}],"replies":[{"embeddable":true,"href":"https:\/\/www.civilpowker.de\/index.php?rest_route=%2Fwp%2Fv2%2Fcomments&post=206"}],"version-history":[{"count":2,"href":"https:\/\/www.civilpowker.de\/index.php?rest_route=\/wp\/v2\/pages\/206\/revisions"}],"predecessor-version":[{"id":321,"href":"https:\/\/www.civilpowker.de\/index.php?rest_route=\/wp\/v2\/pages\/206\/revisions\/321"}],"up":[{"embeddable":true,"href":"https:\/\/www.civilpowker.de\/index.php?rest_route=\/wp\/v2\/pages\/89"}],"wp:attachment":[{"href":"https:\/\/www.civilpowker.de\/index.php?rest_route=%2Fwp%2Fv2%2Fmedia&parent=206"}],"curies":[{"name":"wp","href":"https:\/\/api.w.org\/{rel}","templated":true}]}}