{"id":210,"date":"2015-07-08T15:18:56","date_gmt":"2015-07-08T15:18:56","guid":{"rendered":"http:\/\/neu.civilpowker.de\/?page_id=210"},"modified":"2015-07-08T15:18:56","modified_gmt":"2015-07-08T15:18:56","slug":"steuerverweigerung-bei-militaerischen-operationen-von-seiten-der-eigenen-regierung","status":"publish","type":"page","link":"https:\/\/www.civilpowker.de\/?page_id=210","title":{"rendered":"Steuerverweigerung bei milit\u00e4rischen Operationen von Seiten der eigenen Regierung"},"content":{"rendered":"<p>Steuerverweigerung ist ein altes Mittel der Steuerzahlenden zum Erzwingen bestimmter Ver\u00e4nderungen<br \/>\nvon Seiten der Politik.<\/p>\n<ul>\n<li>Steuerstreiks und Steuerboykotts der amerikanischen Kolonisten gegen britische Steuern (1764 bis 1776), vor allem gegen die Stempelsteuer und die Teesteuer (Boston Tea Party) dehnten sich zur Freiheitsbewegung aus und f\u00fchrten 1776 zur Unabh\u00e4ngigkeitserkl\u00e4rung, mit der Folge der Losl\u00f6sung der amerikanischen Kolonien vom Mutterland und der Gr\u00fcndung der Vereinigten Staaten.<\/li>\n<li>Die franz\u00f6sische Revolution begann damit, dass am 17. Juni 1789 der erweiterte dritte Stand den allgemeinen Steuerstreik als Protest gegen Adel und Klerus ausrief.<\/li>\n<li>Am 8. November 1848 entmachtete Friedrich Wilhelm III die preu\u00dfische Nationalversammlung ihren Sitz von Berlin nach Brandenburg zu verlegen. Als die Deputierten darauf hin die allgemeine Steuerverweigerung beschlossen, wurde die Sitzung durch das Milit\u00e4r gesprengt.<\/li>\n<li>Innerhalb der Landvolkbewegung in Schleswig-Holstein kam es 1928\/29 als Protest gegen die Politik der Weimarer Republik zu einem Steuerboykott und \u00f6ffentlichen Verbrennungen von Steuerbescheiden.<\/li>\n<li>Ein wesentliches Detail des indischen Unabh\u00e4ngigkeitskampfes war der gewaltfreie Kampf Mohandas Gandhis gegen die britische Salzsteuer (Salzmarsch, 1930).<\/li>\n<li>Eine Steuerverweigerung aus Gewissensgr\u00fcnden wurde 1992 vom Bundesverfassungsgericht als nicht zul\u00e4ssig zur\u00fcck gewiesen.<\/li>\n<\/ul>\n<h5>Mehr Information:<\/h5>\n<p><a href=\"http:\/\/www.netzwerk-friedenssteuer.de\/index.php\/wir-ueber-uns\">http:\/\/www.netzwerk-friedenssteuer.de\/index.php\/wir-ueber-uns<\/a><\/p>\n","protected":false},"excerpt":{"rendered":"<p>Steuerverweigerung ist ein altes Mittel der Steuerzahlenden zum Erzwingen bestimmter Ver\u00e4nderungen von Seiten der Politik. Steuerstreiks und Steuerboykotts der amerikanischen Kolonisten gegen britische Steuern (1764 bis 1776), vor allem gegen die Stempelsteuer und die Teesteuer (Boston Tea Party) &hellip; <\/p>\n<div class=\"more-link-wrapper\"><a href=\"https:\/\/www.civilpowker.de\/?page_id=210\" class=\"more-link\">Continue reading<span class=\"screen-reader-text\"> &#8222;Steuerverweigerung bei milit\u00e4rischen Operationen von Seiten der eigenen Regierung&#8220;<\/span><\/a><\/div>\n","protected":false},"author":1,"featured_media":0,"parent":89,"menu_order":0,"comment_status":"closed","ping_status":"open","template":"","meta":{"footnotes":""},"class_list":["post-210","page","type-page","status-publish","hentry"],"_links":{"self":[{"href":"https:\/\/www.civilpowker.de\/index.php?rest_route=\/wp\/v2\/pages\/210","targetHints":{"allow":["GET"]}}],"collection":[{"href":"https:\/\/www.civilpowker.de\/index.php?rest_route=\/wp\/v2\/pages"}],"about":[{"href":"https:\/\/www.civilpowker.de\/index.php?rest_route=\/wp\/v2\/types\/page"}],"author":[{"embeddable":true,"href":"https:\/\/www.civilpowker.de\/index.php?rest_route=\/wp\/v2\/users\/1"}],"replies":[{"embeddable":true,"href":"https:\/\/www.civilpowker.de\/index.php?rest_route=%2Fwp%2Fv2%2Fcomments&post=210"}],"version-history":[{"count":1,"href":"https:\/\/www.civilpowker.de\/index.php?rest_route=\/wp\/v2\/pages\/210\/revisions"}],"predecessor-version":[{"id":211,"href":"https:\/\/www.civilpowker.de\/index.php?rest_route=\/wp\/v2\/pages\/210\/revisions\/211"}],"up":[{"embeddable":true,"href":"https:\/\/www.civilpowker.de\/index.php?rest_route=\/wp\/v2\/pages\/89"}],"wp:attachment":[{"href":"https:\/\/www.civilpowker.de\/index.php?rest_route=%2Fwp%2Fv2%2Fmedia&parent=210"}],"curies":[{"name":"wp","href":"https:\/\/api.w.org\/{rel}","templated":true}]}}