{"id":25,"date":"2015-05-12T11:54:26","date_gmt":"2015-05-12T11:54:26","guid":{"rendered":"http:\/\/neu.civilpowker.de\/?page_id=25"},"modified":"2025-02-25T15:13:37","modified_gmt":"2025-02-25T15:13:37","slug":"25-2","status":"publish","type":"page","link":"https:\/\/www.civilpowker.de\/?page_id=25","title":{"rendered":"Spielleiter werden"},"content":{"rendered":"<h4><strong>TrainerIn f\u00fcr Civil Powker werden?<\/strong><\/h4>\n<h6><strong>Wer kann MultiplikatorIn des Lernspiels werden? <\/strong><\/h6>\n<p>Wir freuen uns \u00fcber Menschen, die Erfahrung mit Schulklasse und Jugendlichen haben. Sie sollten \u00fcber ausreichend Wissenshintergrund zur zivile, konstruktiven Konfliktbearbeitung haben und politisch interessiert sein. MitarbeiterInnen in Jugendverb\u00e4nden, Lehrkr\u00e4fte und StudentInnen h\u00f6herer Semester sind herzlich willkommen, wenn Sie \u00fcber die oben genannten Voraussetzungen verf\u00fcgen. Wenn Sie unsicher sind ob sie daf\u00fcr geeignet sind, bitte rufen Sie mich an.<\/p>\n<p>Karl-Heinz Bittl, 0911-288500<\/p>\n<h6><strong>Ablauf der MultiplikatorInnen-Schulung<\/strong><\/h6>\n<p>Die Teilnehmenden der zweit\u00e4gigen MultiplikatorInnen-Schulung lernen das Planspiel Civil Powker am ersten Tag durch aktives Durchspielen kennen und reflektieren am zweiten Tag inhaltliche, methodische, didaktische und organisatorische Anforderungen f\u00fcr die eigene Umsetzung an Schulen.<\/p>\n<p>Wir f\u00fchren auch gerne die Schulung bei Ihnen durch.<\/p>\n<h4><\/h4>\n<h6>Die n\u00e4chste MultiplikatorInnen-Schulung findet am 16.-17.5.2025 in N\u00fcrnberg statt<\/h6>\n<p>Kennenlerntag: Freitag, 16.5.2025 13:00 bis 22:00<\/p>\n<p>Schulung zur SpielleiterIn: Samstag 17.5.2025\u00a0 von 10:00 bis 16:00<\/p>\n<p>Ort:\u00a0 N\u00fcrnberg<\/p>\n<p>Wir freuen uns \u00fcber Interesse und Anmeldungen bis 10.10.2023.<\/p>\n<p><a href=\"http:\/\/www.civilpowker.de\/wp-content\/uploads\/2025\/02\/CP_Schulung_2025.pdf\">Ausschreibung in PDF<\/a><\/p>\n<p>Bei Fragen und Interessen melden Sie sich gerne bei <a href=\"mailto:info@civilpowker.de\">info@civilpowker.de<\/a><\/p>\n","protected":false},"excerpt":{"rendered":"<p>TrainerIn f\u00fcr Civil Powker werden? Wer kann MultiplikatorIn des Lernspiels werden? Wir freuen uns \u00fcber Menschen, die Erfahrung mit Schulklasse und Jugendlichen haben. Sie sollten \u00fcber ausreichend Wissenshintergrund zur zivile, konstruktiven Konfliktbearbeitung haben und politisch interessiert sein. MitarbeiterInnen &hellip; <\/p>\n<div class=\"more-link-wrapper\"><a href=\"https:\/\/www.civilpowker.de\/?page_id=25\" class=\"more-link\">Continue reading<span class=\"screen-reader-text\"> &#8222;Spielleiter werden&#8220;<\/span><\/a><\/div>\n","protected":false},"author":1,"featured_media":0,"parent":0,"menu_order":3,"comment_status":"closed","ping_status":"closed","template":"","meta":{"footnotes":""},"class_list":["post-25","page","type-page","status-publish","hentry"],"_links":{"self":[{"href":"https:\/\/www.civilpowker.de\/index.php?rest_route=\/wp\/v2\/pages\/25","targetHints":{"allow":["GET"]}}],"collection":[{"href":"https:\/\/www.civilpowker.de\/index.php?rest_route=\/wp\/v2\/pages"}],"about":[{"href":"https:\/\/www.civilpowker.de\/index.php?rest_route=\/wp\/v2\/types\/page"}],"author":[{"embeddable":true,"href":"https:\/\/www.civilpowker.de\/index.php?rest_route=\/wp\/v2\/users\/1"}],"replies":[{"embeddable":true,"href":"https:\/\/www.civilpowker.de\/index.php?rest_route=%2Fwp%2Fv2%2Fcomments&post=25"}],"version-history":[{"count":23,"href":"https:\/\/www.civilpowker.de\/index.php?rest_route=\/wp\/v2\/pages\/25\/revisions"}],"predecessor-version":[{"id":521,"href":"https:\/\/www.civilpowker.de\/index.php?rest_route=\/wp\/v2\/pages\/25\/revisions\/521"}],"wp:attachment":[{"href":"https:\/\/www.civilpowker.de\/index.php?rest_route=%2Fwp%2Fv2%2Fmedia&parent=25"}],"curies":[{"name":"wp","href":"https:\/\/api.w.org\/{rel}","templated":true}]}}