{"id":27,"date":"2015-05-12T11:56:03","date_gmt":"2015-05-12T11:56:03","guid":{"rendered":"http:\/\/neu.civilpowker.de\/?page_id=27"},"modified":"2022-01-17T12:28:04","modified_gmt":"2022-01-17T12:28:04","slug":"die-entwicklerinnen","status":"publish","type":"page","link":"https:\/\/www.civilpowker.de\/?page_id=27","title":{"rendered":"Die EntwicklerInnen"},"content":{"rendered":"<p>&nbsp;<\/p>\n<p>Ich bin <strong>Elli Mack<\/strong>, Jg. 1984, habe Interkulturelle Kommunikation, Soziologie und Erziehungswissenschaften in Halle und Jena studiert, arbeite als Lehrerin f\u00fcr Deutsch als Fremdsprache, f\u00fchre Schulworkshops zum Thema Demokratie und soziales Lernen durch, bin in derErwachsenenbildung t\u00e4tig, arbeite mit internationalen Studierenden und bin auchsonst gerne vielseitig unterwegs. Warum ich Lust hatte, das Planspiel zu entwickeln? Weil Spielen fetzt, weil ich es wichtig finde, Alternativen zu milit\u00e4rischer Intervention in Konflikten aufzuzeigen, kennenzulernen und auszutauschen und weil der Entwicklungs- und Durchf\u00fchrungsprozess unglaublich spannend war (und ist).<\/p>\n<p><strong>Karl-Heinz Bittl: \u00a0<\/strong>Dipl. Sozialp\u00e4dagoge und Trainer, Berater und Ausbilder des ATCC-Ansatzes (konstruktive Konfliktbearbeitung), \u201eIch arbeite seit mehr als 30 Jahren in der Friedensarbeit. Angesichts der zunehmenden Sprachlosigkeit im Schulbereich, fand ich es ein hervorragende Gelegenheit dieses Planspiel mitzuentwickeln. Ich bin begeistert wie die \u201eKids\u201c in das Spiel eintauchen und dabei die Zeit vergessen. Vieles ist f\u00fcr sie neu, wie zum Beispiel das Wort \u00b4Zivilgesellschaft\u00b4, doch sie bleiben offen und neugierig.\u201c<\/p>\n<p><strong>Sandra Bauske: <\/strong>Magister Soziologie\/Philosphie, Promovendin an der Uni Leipzig und angehende Trainerin f\u00fcr zivile \u00a0Konfliktbearbeitung und transkulturelle Kompetenz nach dem ATCC-Ansatz. \u00a0\u00a0&#8222;Die vielf\u00e4ltigen Konflikte in der Welt und M\u00f6glichkeiten sich hierzulande f\u00fcr ein friedlicheres Zusammenleben zu engagieren, besch\u00e4ftigen mich schon sehr lange. Ich bin sehr froh, dass wir durch unser Planspiel eine Methode entwickelt haben, um dieses Thema auch an junge Menschen heranzutragen. Ihren Elan zu erleben, wenn sie sich im Planspiel beispielsweise gegen Waffenexporte einsetzen, n\u00e4hrt meine Hoffnung, dass ein solidarisches und gewaltfreies Miteinander der Weltbev\u00f6lkerung auch in der realen Welt m\u00f6glich ist.\u201c<\/p>\n","protected":false},"excerpt":{"rendered":"<p>&nbsp; Ich bin Elli Mack, Jg. 1984, habe Interkulturelle Kommunikation, Soziologie und Erziehungswissenschaften in Halle und Jena studiert, arbeite als Lehrerin f\u00fcr Deutsch als Fremdsprache, f\u00fchre Schulworkshops zum Thema Demokratie und soziales Lernen durch, bin in derErwachsenenbildung t\u00e4tig, &hellip; <\/p>\n<div class=\"more-link-wrapper\"><a href=\"https:\/\/www.civilpowker.de\/?page_id=27\" class=\"more-link\">Continue reading<span class=\"screen-reader-text\"> &#8222;Die EntwicklerInnen&#8220;<\/span><\/a><\/div>\n","protected":false},"author":1,"featured_media":0,"parent":0,"menu_order":4,"comment_status":"closed","ping_status":"closed","template":"","meta":{"footnotes":""},"class_list":["post-27","page","type-page","status-publish","hentry"],"_links":{"self":[{"href":"https:\/\/www.civilpowker.de\/index.php?rest_route=\/wp\/v2\/pages\/27","targetHints":{"allow":["GET"]}}],"collection":[{"href":"https:\/\/www.civilpowker.de\/index.php?rest_route=\/wp\/v2\/pages"}],"about":[{"href":"https:\/\/www.civilpowker.de\/index.php?rest_route=\/wp\/v2\/types\/page"}],"author":[{"embeddable":true,"href":"https:\/\/www.civilpowker.de\/index.php?rest_route=\/wp\/v2\/users\/1"}],"replies":[{"embeddable":true,"href":"https:\/\/www.civilpowker.de\/index.php?rest_route=%2Fwp%2Fv2%2Fcomments&post=27"}],"version-history":[{"count":2,"href":"https:\/\/www.civilpowker.de\/index.php?rest_route=\/wp\/v2\/pages\/27\/revisions"}],"predecessor-version":[{"id":331,"href":"https:\/\/www.civilpowker.de\/index.php?rest_route=\/wp\/v2\/pages\/27\/revisions\/331"}],"wp:attachment":[{"href":"https:\/\/www.civilpowker.de\/index.php?rest_route=%2Fwp%2Fv2%2Fmedia&parent=27"}],"curies":[{"name":"wp","href":"https:\/\/api.w.org\/{rel}","templated":true}]}}