{"id":31,"date":"2015-05-12T12:01:03","date_gmt":"2015-05-12T12:01:03","guid":{"rendered":"http:\/\/neu.civilpowker.de\/?page_id=31"},"modified":"2025-02-25T15:08:42","modified_gmt":"2025-02-25T15:08:42","slug":"kontakt","status":"publish","type":"page","link":"https:\/\/www.civilpowker.de\/?page_id=31","title":{"rendered":"Kontakt"},"content":{"rendered":"<h4><strong>Leitung des Projektes:<\/strong><\/h4>\n<h4><strong>Fr\u00e4nkisches Bildungswerk f\u00fcr Friedensarbeit e.V.<\/strong><\/h4>\n<p>Hessestr. 4,<br \/>\n90443 N\u00fcrnberg<br \/>\n0911-288500<br \/>\nAnsprechperson: Karl-Heinz Bittl,<br \/>\nTel: 0173-8063071 oder 0911-6996294<\/p>\n<p>zum FBF: https:\/\/conflict-transformation.de\/<br \/>\nMail: <a href=\"mailto:info@civilpowker.de\">info@civilpowker.de<\/a><\/p>\n<p><strong>Ebenfalls f\u00fcr S\u00fcddeutschland: <a href=\"mailto:info@civilpowker.de\">info@civilpowker.de<\/a><\/strong><\/p>\n<h3><strong>Region Hamburg, Bremen, Schleswig-Holstein, Niedersachsen:<\/strong><\/h3>\n<p>peace brigades international &#8211; Deutscher Zweig e.V.<br \/>\nBahrenfelder Str. 101a &#8211; 22765 Hamburg, David Mauer<br \/>\n<a href=\"mailto:david.mauer@pbi-deutschland.de\">david.mauer@pbi-deutschland.de<\/a> \/\/ 040- 389 04 37 20<br \/>\n<a href=\"https:\/\/pbideutschland.de\/de\/unsere-bildungsangebote-menschenrechtsbildung-mit-pbi-deutschland\">https:\/\/pbideutschland.de\/de\/unsere-bildungsangebote-menschenrechtsbildung-mit-pbi-deutschland<\/a><\/p>\n<h3>F\u00fcr NRW und Wendland:<\/h3>\n<p>Katharina Arndt<\/p>\n<p>Referat Friedensbildung und Begegnung<\/p>\n<p><strong>KURVE Wustrow<\/strong><\/p>\n<p>Bildungs- und Begegnungsst\u00e4tte f\u00fcr gewaltfreie Aktion e.V.<\/p>\n<p>Kirchstr. 14-18<\/p>\n<p>D-29462 Wustrow\/Wendland<\/p>\n<p>Germany<\/p>\n<pre>Phone: 0049-(0) 5843 - 9871-33<\/pre>\n<pre>E-Mail <a href=\"mailto:friedensbildung@kurvewustrow.org\">friedensbildung@kurvewustrow.org<\/a><\/pre>\n<pre><a href=\"http:\/\/www.kurvewustrow.org\">www.kurvewustrow.org<\/a><\/pre>\n<h3><strong>F\u00fcr Niedersachsen:<\/strong><\/h3>\n<p>Maik Bischoff, Haus kirchlicher Dienste<br \/>\nfriedensstifter@kirchliche-dienste.de<br \/>\nTel.: 0175-2233889<\/p>\n<p><strong>gewalt<em>frei<\/em> handeln e.V.<\/strong><br \/>\nMittelstra\u00dfe 4<br \/>\n34474 Diemelstadt-Wethen<br \/>\n05694-995223<br \/>\n02241-2013902<\/p>\n<p><a href=\"www.gewaltfreihandeln.org\">www.gewaltfreihandeln.org<\/a><br \/>\n<a href=\"facebook.com\/gewaltfreihandeln\">facebook.com\/gewaltfreihandeln<\/a><\/p>\n<h3><strong>F\u00fcr Sachsen-Anhalt und Th\u00fcringen:<\/strong><\/h3>\n<p>Friedenskreis Halle e.V.<\/p>\n<p>Gro\u00dfe Klausstra\u00dfe 11<\/p>\n<p>06108 Halle (Saale)<\/p>\n<p>Mail: <a href=\"mailto:friedensbildung@friedenskreis-halle.de\">friedensbildung@friedenskreis-halle.de<\/a><\/p>\n<p>&nbsp;<\/p>\n","protected":false},"excerpt":{"rendered":"<p>Leitung des Projektes: Fr\u00e4nkisches Bildungswerk f\u00fcr Friedensarbeit e.V. Hessestr. 4, 90443 N\u00fcrnberg 0911-288500 Ansprechperson: Karl-Heinz Bittl, Tel: 0173-8063071 oder 0911-6996294 zum FBF: https:\/\/conflict-transformation.de\/ Mail: info@civilpowker.de Ebenfalls f\u00fcr S\u00fcddeutschland: info@civilpowker.de Region Hamburg, Bremen, Schleswig-Holstein, Niedersachsen: peace brigades international &#8211; &hellip; <\/p>\n<div class=\"more-link-wrapper\"><a href=\"https:\/\/www.civilpowker.de\/?page_id=31\" class=\"more-link\">Continue reading<span class=\"screen-reader-text\"> &#8222;Kontakt&#8220;<\/span><\/a><\/div>\n","protected":false},"author":1,"featured_media":0,"parent":0,"menu_order":6,"comment_status":"closed","ping_status":"closed","template":"","meta":{"footnotes":""},"class_list":["post-31","page","type-page","status-publish","hentry"],"_links":{"self":[{"href":"https:\/\/www.civilpowker.de\/index.php?rest_route=\/wp\/v2\/pages\/31","targetHints":{"allow":["GET"]}}],"collection":[{"href":"https:\/\/www.civilpowker.de\/index.php?rest_route=\/wp\/v2\/pages"}],"about":[{"href":"https:\/\/www.civilpowker.de\/index.php?rest_route=\/wp\/v2\/types\/page"}],"author":[{"embeddable":true,"href":"https:\/\/www.civilpowker.de\/index.php?rest_route=\/wp\/v2\/users\/1"}],"replies":[{"embeddable":true,"href":"https:\/\/www.civilpowker.de\/index.php?rest_route=%2Fwp%2Fv2%2Fcomments&post=31"}],"version-history":[{"count":11,"href":"https:\/\/www.civilpowker.de\/index.php?rest_route=\/wp\/v2\/pages\/31\/revisions"}],"predecessor-version":[{"id":517,"href":"https:\/\/www.civilpowker.de\/index.php?rest_route=\/wp\/v2\/pages\/31\/revisions\/517"}],"wp:attachment":[{"href":"https:\/\/www.civilpowker.de\/index.php?rest_route=%2Fwp%2Fv2%2Fmedia&parent=31"}],"curies":[{"name":"wp","href":"https:\/\/api.w.org\/{rel}","templated":true}]}}