{"id":407,"date":"2018-05-24T11:04:49","date_gmt":"2018-05-24T11:04:49","guid":{"rendered":"http:\/\/www.civilpowker.de\/?page_id=407"},"modified":"2018-05-24T11:04:49","modified_gmt":"2018-05-24T11:04:49","slug":"datenschutzerkaerung","status":"publish","type":"page","link":"https:\/\/www.civilpowker.de\/?page_id=407","title":{"rendered":"Datenschutzerk\u00e4rung"},"content":{"rendered":"<p><strong>Datenschutzerkl\u00e4rung<\/strong><\/p>\n<p>Wir m\u00f6chten, dass Sie wissen, wann wir welche Daten speichern und wie wir sie verwenden. Wir haben technische und organisatorische Ma\u00dfnahmen getroffen, die sicherstellen, dass die Vorschriften \u00fcber den Datenschutz beachtet werden.<\/p>\n<p>Wir m\u00f6chten Sie deshalb an dieser Stelle dar\u00fcber informieren, wie wir Ihre Privatsph\u00e4re sch\u00fctzen, wenn Sie uns Ihre personenbezogenen Daten zur Verf\u00fcgung stellen. Neben der selbstverst\u00e4ndlichen Einhaltung der gesetzlichen Bestimmungen zum Datenschutz m\u00f6chten wir uns mit diesen Hinweisen zum verantwortungsvollen Umgang mit Ihren Daten verpflichten, sodass Ihre Privatsph\u00e4re zu jeder Zeit gesch\u00fctzt wird. Auf entsprechende Anfrage werden \u00fcberlassene Informationen unverz\u00fcglich gel\u00f6scht. Uns ist es wichtig, dass Sie sich beim Besuch unserer Internet-Seiten sicher und wohl f\u00fchlen.<\/p>\n<p><strong>Allgemeine Informationen<\/strong><\/p>\n<p>Bei der Nutzung des Internets \u00fcbermittelt Ihr Browser Daten. Dazu geh\u00f6ren der Name Ihres Internet Service Providers, eine IP-Adresse, die Webseite, von der aus Sie uns besuchen, die Dateien, die Sie bei uns abrufen, die \u00fcbertragene Datenmenge sowie Datum und Dauer des Besuches. Auf unserem Webserver werden diese Daten zu statistischen Zwecken und zur Gew\u00e4hrleistung der Systemsicherheit gespeichert und ausgewertet. Diese Daten sind durch das Fr\u00e4nkische Bildungswerk f\u00fcr Friedensarbeit e.V. nicht mit Ihnen pers\u00f6nlich in Verbindung zu bringen. Sie bleiben als einzelner Nutzer anonym.<\/p>\n<p><strong>Personenbezogene Daten<\/strong><\/p>\n<p>Personenbezogene Daten sind Informationen, die Ihre Person betreffen. Darunter fallen Angaben wie Ihr Name, Adresse, Postanschrift und E-Mail-Adresse. Informationen, die nicht direkt mit Ihrer wirklichen Identit\u00e4t in Verbindung gebracht werden k\u00f6nnen (wie zum Beispiel Verweildauer auf der Website), fallen nicht darunter.<\/p>\n<p>Personenbezogene Daten werden bei der Nutzung von www.civilpowker.de nur erhoben, wenn Sie uns diese von sich aus, zum Beispiel beim Ausf\u00fcllen eines Kontaktformulars, der Bestellung unseres Newsletters oder bei der Bestellung einer Publikation mitteilen. Ihre im Formular eingegebenen Daten werden nur zum jeweiligen Zweck gespeichert. Zum Beispiel ben\u00f6tigen wir Ihre komplette Anschrift, um Bestellungen abzuwickeln.<\/p>\n<p>Weitergabe personenbezogener Informationen an Dritte<\/p>\n<p>Wir geben Ihre Daten generell nicht an Dritte weiter. Alle Personen beim Fr\u00e4nkischen Bildungswerk f\u00fcr Friedensarbeit e.V. sind an das Bundesdatenschutzgesetz (BDSG) und nachfolgende gesetzliche Vorschriften gebunden. Nur wenn wir gesetzlich oder per Gerichtsbeschluss dazu verpflichtet werden, werden wir Ihre Daten an auskunftsberechtigte Stellen weitergeben.<\/p>\n<p><strong>Auskunftsrecht<\/strong><\/p>\n<p>Auf Anforderung teilen wir Ihnen m\u00f6glichst umgehend entsprechend des geltenden Rechts mit, ob und welche pers\u00f6nlichen Daten \u00fcber Sie bei uns gespeichert sind. Sollten trotz unserer Bem\u00fchungen um Datenrichtigkeit und Aktualit\u00e4t falsche Informationen gespeichert sein, werden wir diese auf Ihre Aufforderung hin berichtigen.<\/p>\n<p><strong>Widerrufsrecht<\/strong><\/p>\n<p>Sie k\u00f6nnen nach dem Bundesdatenschutzgesetz als Betroffener der Nutzung Ihrer Daten jederzeit widersprechen. Wenn Sie sich an uns wenden, werden wir Sie umgehend f\u00fcr diese Verarbeitung sperren.<br \/>\nDaneben haben Sie unter bestimmten Voraussetzungen ein Recht auf Berichtigung, Sperrung und L\u00f6schung der von uns gespeicherten Daten.<\/p>\n<p><strong>Elektronischer Informationsversand<\/strong><\/p>\n<p>Das Team von www.civilpowker.de sendet Online-Ver\u00f6ffentlichungen ausschlie\u00dflich an diejenigen, die die Informationen auch angefragt haben. Ob der angegebene Adressat seine Anfrage pers\u00f6nlich gestellt hat oder ob die Anfrage von Dritten gestellt wurde, k\u00f6nnen wir nicht \u00fcberpr\u00fcfen.<\/p>\n<p><strong>Newsletter<\/strong><\/p>\n<p>Der Versand der Newsletter erfolgt mittels des Versanddienstleisters Newsletter2Go, K\u00f6penicker Str. 126, 10179 Berlin. Die Datenschutzbestimmungen und weitere Informationen des Versanddienstleisters k\u00f6nnen Sie hier einsehen: <a href=\"https:\/\/www.newsletter2go.de\/informationen-newsletter-empfaenger\/\">https:\/\/www.newsletter2go.de\/informationen-newsletter-empfaenger<\/a> Der Versanddienstleister wird auf Grundlage unserer berechtigten Interessen gem. Art. 6 Abs. 1 lit. f DSGVO und eines Auftragsverarbeitungsvertrages gem. Art. 28 Abs. 3 S. 1 DSGVO eingesetzt.<\/p>\n<p>Ihre Daten werden dabei an die Newsletter2Go GmbH \u00fcbermittelt. Newsletter2Go ist es dabei untersagt, Ihre Daten zu verkaufen und f\u00fcr andere Zwecke, als f\u00fcr den Versand von Newslettern zu nutzen. Newsletter2Go ist ein deutscher, zertifizierter Anbieter, welcher nach den Anforderungen der Datenschutz-Grundverordnung und des Bundesdatenschutzgesetzes ausgew\u00e4hlt wurde.<\/p>\n<p>Der Versanddienstleister kann die Daten der Empf\u00e4nger in pseudonymer Form, d.h. ohne Zuordnung zu einem Nutzer, zur Optimierung oder Verbesserung der eigenen Services nutzen, z.B. zur technischen Optimierung des Versandes und der Darstellung der Newsletter oder f\u00fcr statistische Zwecke verwenden. Der Versanddienstleister nutzt die Daten unserer Newsletter-Empf\u00e4nger jedoch nicht, um diese selbst anzuschreiben oder um die Daten an Dritte weiterzugeben.<\/p>\n<p>Wenn Sie den auf der Webseite angebotenen Newsletter beziehen m\u00f6chten, ben\u00f6tigen wir von Ihnen eine Email-Adresse sowie Informationen, welche uns die \u00dcberpr\u00fcfung gestatten, dass Sie der Inhaber der angegebenen Email-Adresse und mit dem Empfang des Newsletters einverstanden sind. Der Versand des Newsletters und die mit ihm verbundene Erfolgsmessung erfolgt auf Grundlage einer Einwilligung der Empf\u00e4nger gem. Art. 6 Abs. 1 lit. a, Art. 7 DSGVO i.V.m \u00a7 7 Abs. 2 Nr. 3 UWG bzw. auf Grundlage der gesetzlichen Erlaubnis gem. \u00a7 7 Abs. 3 UWG. Die Protokollierung des Anmeldeverfahrens erfolgt auf Grundlage unserer berechtigten Interessen gem. Art. 6 Abs. 1 lit. f DSGVO. Unser Interesse richtet sich auf den Einsatz eines nutzerfreundlichen sowie sicheren Newslettersystems, das sowohl unseren gesch\u00e4ftlichen Interessen dient, als auch den Erwartungen der Nutzer entspricht und uns ferner den Nachweis von Einwilligungen erlaubt. Zur Gew\u00e4hrleistung einer einverst\u00e4ndlichen Newsletter-Versendung nutzen wir das sogenannte Double-Opt-in-Verfahren. Im Zuge dessen l\u00e4sst sich der potentielle Empf\u00e4nger in einen Verteiler aufnehmen. Anschlie\u00dfend erh\u00e4lt der Nutzer durch eine Best\u00e4tigungs-Email die M\u00f6glichkeit, die Anmeldung rechtssicher zu best\u00e4tigen. Nur wenn die Best\u00e4tigung erfolgt, wird die Adresse aktiv in den Verteiler aufgenommen. Diese Daten verwenden wir ausschlie\u00dflich f\u00fcr den Versand der angeforderten Informationen und Angebote. Die datenschutzrechtlichen Ma\u00dfnahmen unterliegen stets technischen Erneuerungen aus diesem Grund bitten wir Sie, sich \u00fcber unsere Datenschutzma\u00dfnahmen in regelm\u00e4\u00dfigen Abst\u00e4nden durch Einsichtnahme in unsere Datenschutzerkl\u00e4rung zu informieren.<\/p>\n<p>Sie k\u00f6nnen den Empfang unseres Newsletters jederzeit k\u00fcndigen, d.h. Ihre Einwilligungen widerrufen. Einen Link zur K\u00fcndigung des Newsletters finden Sie am Ende eines jeden Newsletters. Wir k\u00f6nnen die ausgetragenen Email-Adressen bis zu drei Jahren auf Grundlage unserer berechtigten Interessen speichern bevor wir sie f\u00fcr Zwecke des Newsletterversandes l\u00f6schen, um eine ehemals gegebene Einwilligung nachweisen zu k\u00f6nnen. Die Verarbeitung dieser Daten wird auf den Zweck einer m\u00f6glichen Abwehr von Anspr\u00fcchen beschr\u00e4nkt. Ein individueller L\u00f6schungsantrag ist jederzeit m\u00f6glich, sofern zugleich das ehemalige Bestehen einer Einwilligung best\u00e4tigt wird.<\/p>\n<p>Die Newsletter enthalten einen sogenannten \u201eweb beacon\u201c, d.h. eine pixelgro\u00dfe Datei, die beim \u00d6ffnen des Newsletters von unserem Server, bzw. sofern wir einen Versanddienstleister einsetzen, von dessen Server abgerufen wird. Im Rahmen dieses Abrufs werden zun\u00e4chst technische Informationen, wie Informationen zum Browser und Ihrem System, als auch Ihre IP-Adresse und Zeitpunkt des Abrufs erhoben.<\/p>\n<p>Diese Informationen werden zur technischen Verbesserung der Services anhand der technischen Daten oder der Zielgruppen und ihres Leseverhaltens anhand derer Abruforte (die mit Hilfe der IP-Adresse bestimmbar sind) oder der Zugriffszeiten genutzt. Zu den statistischen Erhebungen geh\u00f6rt ebenfalls die Feststellung, ob die Newsletter ge\u00f6ffnet werden, wann sie ge\u00f6ffnet werden und welche Links geklickt werden. Diese Informationen k\u00f6nnen aus technischen Gr\u00fcnden zwar den einzelnen Newsletterempf\u00e4ngern zugeordnet werden. Es ist jedoch weder unser Bestreben, noch, sofern eingesetzt, das des Versanddienstleisters, einzelne Nutzer zu beobachten. Die Auswertungen dienen uns viel mehr dazu, die Lesegewohnheiten unserer Nutzer zu erkennen und unsere Inhalte auf sie anzupassen oder unterschiedliche Inhalte entsprechend den Interessen unserer Nutzer zu versenden.<\/p>\n<p><strong>Profile in sozialen Netzwerken<\/strong><\/p>\n<p>Wir unterhalten Profile innerhalb sozialer Netzwerke und Plattformen, um mit den dort aktiven Kunden, Interessenten und Nutzern zu kommunizieren und sie dort \u00fcber unsere Leistungen zu informieren. Beim Aufruf der jeweiligen Netzwerke und Plattformen gelten die Gesch\u00e4ftsbedingungen und die Datenverarbeitungsrichtlinien der jeweiligen Betreiber.<\/p>\n<p>Soweit nicht anders im Rahmen unserer Datenschutzerkl\u00e4rung angegeben, verarbeiten wir die Daten der Nutzer sofern diese mit uns innerhalb der sozialen Netzwerke und Plattformen kommunizieren, z.B. Beitr\u00e4ge auf unseren Profilen verfassen oder uns Nachrichten zusenden.<\/p>\n<p><strong>Verwendung von Cookies<\/strong><\/p>\n<p>Auf unseren Seiten werden &#8222;Cookies&#8220; eingesetzt.<br \/>\nEin Cookie ist ein kleiner Datensatz, der auf Ihrer Festplatte abgelegt wird und dort keinen Schaden anrichtet. Dieser Datensatz wird von dem Web-Server, mit dem Sie \u00fcber Ihren Web-Browser (z. B. Internet Explorer, Mozilla Firefox) eine Verbindung aufgebaut haben, erzeugt und dann an Sie gesendet. Durch das Cookie k\u00f6nnen Sie beim Besuch der Webseite wieder erkannt werden, ohne dass Daten, die Sie bereits zuvor eingegeben haben, nochmals eingegeben werden m\u00fcssen. Die meisten Browser sind zurzeit standardm\u00e4\u00dfig so eingestellt, dass sie Cookies automatisch akzeptieren. Sie haben jedoch die M\u00f6glichkeit, Ihren Browser auf die Ablehnung von Cookies oder deren vorherige Anzeige einzustellen. Dar\u00fcber hinaus k\u00f6nnen Sie Cookies auch jederzeit auf Ihrem System (z. B. im Windows Explorer) l\u00f6schen. Bitte benutzen Sie hierf\u00fcr die Hilfefunktion in Ihrem Betriebssystem. Die Cookies unserer Internetseiten enthalten keinerlei pers\u00f6nliche Daten \u00fcber Sie.<\/p>\n<p><em>Hinweis: Im Falle der Deaktivierung der Cookies funktionieren einige Bereiche unseres Internetangebotes nicht mehr einwandfrei.<\/em><\/p>\n<p><strong>Technische Standards<\/strong><\/p>\n<p>Unsere Software wird bei \u00c4nderungen dem Stand der Technik fortlaufend angepasst. Dennoch weisen wir darauf hin, dass der Datenschutz f\u00fcr \u00dcbertragung von Daten innerhalb der Internets nach dem derzeitigen Stand der Technik nicht umfassend gew\u00e4hrleistet werden kann. Andere User des Internets sind unter Umst\u00e4nden technisch in der Lage, unbefugt in die Netzsicherheit einzugreifen und den Nachrichtenverkehr zu kontrollieren.<\/p>\n<p>Unser Online-Angebot enth\u00e4lt Links zu anderen Websites. Wir haben keinen Einfluss darauf, dass deren Betreiber die Datenschutzbestimmungen einhalten. Auch haben wir keinerlei Einfluss auf die Rechtm\u00e4\u00dfigkeit der Inhalte dieser Websites. Daher weisen wir jegliche Verantwortung f\u00fcr die Inhalte anderer Websites zur\u00fcck.<\/p>\n<p><strong>Datenschutzbeauftragter<\/strong><\/p>\n<p>F\u00fcr Anliegen zum Thema Datenschutz wenden Sie sich bitte an fbf@fbf-nuernberg.de.<\/p>\n<p>&nbsp;<\/p>\n","protected":false},"excerpt":{"rendered":"<p>Datenschutzerkl\u00e4rung Wir m\u00f6chten, dass Sie wissen, wann wir welche Daten speichern und wie wir sie verwenden. Wir haben technische und organisatorische Ma\u00dfnahmen getroffen, die sicherstellen, dass die Vorschriften \u00fcber den Datenschutz beachtet werden. Wir m\u00f6chten Sie deshalb an &hellip; <\/p>\n<div class=\"more-link-wrapper\"><a href=\"https:\/\/www.civilpowker.de\/?page_id=407\" class=\"more-link\">Continue reading<span class=\"screen-reader-text\"> &#8222;Datenschutzerk\u00e4rung&#8220;<\/span><\/a><\/div>\n","protected":false},"author":1,"featured_media":0,"parent":0,"menu_order":0,"comment_status":"closed","ping_status":"closed","template":"","meta":{"footnotes":""},"class_list":["post-407","page","type-page","status-publish","hentry"],"_links":{"self":[{"href":"https:\/\/www.civilpowker.de\/index.php?rest_route=\/wp\/v2\/pages\/407","targetHints":{"allow":["GET"]}}],"collection":[{"href":"https:\/\/www.civilpowker.de\/index.php?rest_route=\/wp\/v2\/pages"}],"about":[{"href":"https:\/\/www.civilpowker.de\/index.php?rest_route=\/wp\/v2\/types\/page"}],"author":[{"embeddable":true,"href":"https:\/\/www.civilpowker.de\/index.php?rest_route=\/wp\/v2\/users\/1"}],"replies":[{"embeddable":true,"href":"https:\/\/www.civilpowker.de\/index.php?rest_route=%2Fwp%2Fv2%2Fcomments&post=407"}],"version-history":[{"count":1,"href":"https:\/\/www.civilpowker.de\/index.php?rest_route=\/wp\/v2\/pages\/407\/revisions"}],"predecessor-version":[{"id":408,"href":"https:\/\/www.civilpowker.de\/index.php?rest_route=\/wp\/v2\/pages\/407\/revisions\/408"}],"wp:attachment":[{"href":"https:\/\/www.civilpowker.de\/index.php?rest_route=%2Fwp%2Fv2%2Fmedia&parent=407"}],"curies":[{"name":"wp","href":"https:\/\/api.w.org\/{rel}","templated":true}]}}