{"id":69,"date":"2015-07-08T12:17:05","date_gmt":"2015-07-08T12:17:05","guid":{"rendered":"http:\/\/neu.civilpowker.de\/?page_id=69"},"modified":"2015-10-27T08:47:46","modified_gmt":"2015-10-27T08:47:46","slug":"was-tun","status":"publish","type":"page","link":"https:\/\/www.civilpowker.de\/?page_id=69","title":{"rendered":"Was tun?"},"content":{"rendered":"<p>Vielen Dank f\u00fcr Dein Interesse und dein Engagement. Auf dieser Seite finden sich Links zu Workcamps, Freiwilligendiensten oder zum Zivilen Friedensdienst.<\/p>\n<h5>W\u00e4hrend der Ferien:<\/h5>\n<p>Information \u00fcber WORKCAMPS, die Du in den Ferien machen kannst, dort sind alle seri\u00f6sen Tr\u00e4ger aufgef\u00fchrt.<\/p>\n<p><a href=\"http:\/\/workcamps.org\/workcamps\" target=\"_blank\">http:\/\/workcamps.org\/workcamps<\/a><\/p>\n<h5>Internationale SEMINARE und BEGEGNUNGEN:<\/h5>\n<p><a href=\"http:\/\/friedensdienst.de\/workcampsinternationale-jugendbegegnungen\" target=\"_blank\">http:\/\/friedensdienst.de\/workcampsinternationale-jugendbegegnungen<\/a><\/p>\n<p><a href=\"http:\/\/www.dfjw.org\/kalender-interkulturelle-aus-und-fortbildung\" target=\"_blank\">http:\/\/www.dfjw.org\/kalender-interkulturelle-aus-und-fortbildung<\/a><\/p>\n<p><a href=\"http:\/\/www.ijgd.de\/jugend-begegnungen\/internationale-jugendbegegnungen-in-europa.html\" target=\"_blank\">http:\/\/www.ijgd.de\/jugend-begegnungen\/internationale-jugendbegegnungen-in-europa.html<\/a><\/p>\n<p>&nbsp;<\/p>\n<h5>Nach der Schullaufbahn:<\/h5>\n<p><a href=\"http:\/\/www.freiwilligenarbeit.de\" target=\"_blank\">http:\/\/www.freiwilligenarbeit.de<\/a><\/p>\n<p><a href=\"http:\/\/www.wegweiser-freiwilligenarbeit.com\/freiwilligendienst-ausland\/ijfd\/\" target=\"_blank\">http:\/\/www.wegweiser-freiwilligenarbeit.com\/freiwilligendienst-ausland\/ijfd\/<\/a><\/p>\n<p><a href=\"http:\/\/www.bundes-freiwilligendienst.de\/ausland\/internationaler-jugendfreiwilligendienst-ijfd.html\" target=\"_blank\">http:\/\/www.bundes-freiwilligendienst.de\/ausland\/internationaler-jugendfreiwilligendienst-ijfd.html<\/a><\/p>\n<p>&nbsp;<\/p>\n<h5>Nach der Ausbildung\/Studium:<\/h5>\n<p><a href=\"http:\/\/www.ziviler-friedensdienst.org\/de\" target=\"_blank\">http:\/\/www.ziviler-friedensdienst.org\/de<\/a><\/p>\n<p><a href=\"http:\/\/www.bmz.de\" target=\"_blank\">http:\/\/www.bmz.de<\/a><\/p>\n<p><a href=\"http:\/\/friedensdienst.de\/\" target=\"_blank\">http:\/\/friedensdienst.de\/<\/a><\/p>\n<p>Falls Dir das nicht reicht wende Dich dann an:<\/p>\n<p>Fr\u00e4nkisches Bildungswerk f\u00fcr Friedensarbeit e.V.,<\/p>\n<p>Hessestr. 4,<\/p>\n<p>90443 N\u00fcrnberg,<\/p>\n<p>0911-288500<\/p>\n<p>fbf.nuernberg@t-online.de<\/p>\n<p>&nbsp;<\/p>\n","protected":false},"excerpt":{"rendered":"<p>Vielen Dank f\u00fcr Dein Interesse und dein Engagement. Auf dieser Seite finden sich Links zu Workcamps, Freiwilligendiensten oder zum Zivilen Friedensdienst. W\u00e4hrend der Ferien: Information \u00fcber WORKCAMPS, die Du in den Ferien machen kannst, dort sind alle seri\u00f6sen &hellip; <\/p>\n<div class=\"more-link-wrapper\"><a href=\"https:\/\/www.civilpowker.de\/?page_id=69\" class=\"more-link\">Continue reading<span class=\"screen-reader-text\"> &#8222;Was tun?&#8220;<\/span><\/a><\/div>\n","protected":false},"author":1,"featured_media":0,"parent":0,"menu_order":9,"comment_status":"closed","ping_status":"closed","template":"","meta":{"footnotes":""},"class_list":["post-69","page","type-page","status-publish","hentry"],"_links":{"self":[{"href":"https:\/\/www.civilpowker.de\/index.php?rest_route=\/wp\/v2\/pages\/69","targetHints":{"allow":["GET"]}}],"collection":[{"href":"https:\/\/www.civilpowker.de\/index.php?rest_route=\/wp\/v2\/pages"}],"about":[{"href":"https:\/\/www.civilpowker.de\/index.php?rest_route=\/wp\/v2\/types\/page"}],"author":[{"embeddable":true,"href":"https:\/\/www.civilpowker.de\/index.php?rest_route=\/wp\/v2\/users\/1"}],"replies":[{"embeddable":true,"href":"https:\/\/www.civilpowker.de\/index.php?rest_route=%2Fwp%2Fv2%2Fcomments&post=69"}],"version-history":[{"count":2,"href":"https:\/\/www.civilpowker.de\/index.php?rest_route=\/wp\/v2\/pages\/69\/revisions"}],"predecessor-version":[{"id":342,"href":"https:\/\/www.civilpowker.de\/index.php?rest_route=\/wp\/v2\/pages\/69\/revisions\/342"}],"wp:attachment":[{"href":"https:\/\/www.civilpowker.de\/index.php?rest_route=%2Fwp%2Fv2%2Fmedia&parent=69"}],"curies":[{"name":"wp","href":"https:\/\/api.w.org\/{rel}","templated":true}]}}