{"id":73,"date":"2015-07-08T12:34:13","date_gmt":"2015-07-08T12:34:13","guid":{"rendered":"http:\/\/neu.civilpowker.de\/?page_id=73"},"modified":"2015-07-14T14:07:13","modified_gmt":"2015-07-14T14:07:13","slug":"die-20-handlungsoptionen-der-wirtschaftunternehmen","status":"publish","type":"page","link":"https:\/\/www.civilpowker.de\/?page_id=73","title":{"rendered":"Die 20 Handlungsoptionen der Wirtschaft\/ Unternehmen"},"content":{"rendered":"<p><a href=\"http:\/\/www.civilpowker.de\/?page_id=91\">Spendensammlung unter den Arbeitgeber_innen starten<\/a><\/p>\n<p><a href=\"http:\/\/www.civilpowker.de\/?page_id=94\">Stiftung gr\u00fcnden<\/a><\/p>\n<p><a href=\"http:\/\/www.civilpowker.de\/?page_id=96\">Wirtschafts-Politik-Gipfel zum Konflikt einberufen<\/a><\/p>\n<p><a href=\"http:\/\/www.civilpowker.de\/?page_id=98\">Druck auf die Regierung im Konfliktland aus\u00fcben<\/a><\/p>\n<p><a href=\"http:\/\/www.civilpowker.de\/?page_id=100\">Eigene Betriebe im Konfliktland vor\u00fcbergehend schlie\u00dfen<\/a><\/p>\n<p><a href=\"http:\/\/www.civilpowker.de\/?page_id=154\">Handelsembargo<\/a><\/p>\n<p><a href=\"http:\/\/www.civilpowker.de\/?page_id=104\">Kapitalanlagen offenlegen und einfrieren<\/a><\/p>\n<p><a href=\"http:\/\/www.civilpowker.de\/?page_id=106\">Waffenlieferungen ins Konfliktland sofort stoppen<\/a><\/p>\n<p><a href=\"http:\/\/www.civilpowker.de\/?page_id=108\">Bau von Krankenh\u00e4usern und Finanzierung der Ger\u00e4te<\/a><\/p>\n<p><a href=\"http:\/\/www.civilpowker.de\/?page_id=110\">Unterst\u00fctzung oppositioneller Kr\u00e4fte<\/a><\/p>\n<p><a href=\"http:\/\/www.civilpowker.de\/?page_id=112\">Lobbyarbeit f\u00fcr eine milit\u00e4rische Intervention<\/a><\/p>\n<p><a href=\"http:\/\/www.civilpowker.de\/?page_id=114\">Abwarten, &#8222;business as usual&#8220;<\/a><\/p>\n<p><a href=\"http:\/\/www.civilpowker.de\/?page_id=116\">In neue Technik investieren um innovative Produkte herzustellen<\/a><\/p>\n<p><a href=\"http:\/\/www.civilpowker.de\/?page_id=118\">Waffen (weiter) in das Konfliktland exportieren<\/a><\/p>\n<p><a href=\"http:\/\/www.civilpowker.de\/?page_id=120\">Unterst\u00fctzung der Regierungspartei<\/a><\/p>\n<p><a href=\"http:\/\/www.civilpowker.de\/?page_id=122\">Waffenlieferung an oppositionelle Kr\u00e4fte starten<\/a><\/p>\n<p><a href=\"http:\/\/www.civilpowker.de\/?page_id=126\">Neue Werbung entwickeln und schalten<\/a><\/p>\n<p><a href=\"http:\/\/www.civilpowker.de\/?page_id=128\">Benzinpreis erh\u00f6hen, um Verluste auszugleichen<\/a><\/p>\n<p><a href=\"http:\/\/www.civilpowker.de\/?page_id=130\">Steuersenkungen anregen<\/a><\/p>\n<p><a href=\"http:\/\/www.civilpowker.de\/?page_id=132\">Bleiberecht und Arbeitserlaubnis f\u00fcr qualifizierte Fl\u00fcchtlinge aus dem Konfliktgebiet<\/a><\/p>\n","protected":false},"excerpt":{"rendered":"<p>Spendensammlung unter den Arbeitgeber_innen starten Stiftung gr\u00fcnden Wirtschafts-Politik-Gipfel zum Konflikt einberufen Druck auf die Regierung im Konfliktland aus\u00fcben Eigene Betriebe im Konfliktland vor\u00fcbergehend schlie\u00dfen Handelsembargo Kapitalanlagen offenlegen und einfrieren Waffenlieferungen ins Konfliktland sofort stoppen Bau von Krankenh\u00e4usern und &hellip; <\/p>\n<div class=\"more-link-wrapper\"><a href=\"https:\/\/www.civilpowker.de\/?page_id=73\" class=\"more-link\">Continue reading<span class=\"screen-reader-text\"> &#8222;Die 20 Handlungsoptionen der Wirtschaft\/ Unternehmen&#8220;<\/span><\/a><\/div>\n","protected":false},"author":1,"featured_media":0,"parent":71,"menu_order":0,"comment_status":"closed","ping_status":"open","template":"","meta":{"footnotes":""},"class_list":["post-73","page","type-page","status-publish","hentry"],"_links":{"self":[{"href":"https:\/\/www.civilpowker.de\/index.php?rest_route=\/wp\/v2\/pages\/73","targetHints":{"allow":["GET"]}}],"collection":[{"href":"https:\/\/www.civilpowker.de\/index.php?rest_route=\/wp\/v2\/pages"}],"about":[{"href":"https:\/\/www.civilpowker.de\/index.php?rest_route=\/wp\/v2\/types\/page"}],"author":[{"embeddable":true,"href":"https:\/\/www.civilpowker.de\/index.php?rest_route=\/wp\/v2\/users\/1"}],"replies":[{"embeddable":true,"href":"https:\/\/www.civilpowker.de\/index.php?rest_route=%2Fwp%2Fv2%2Fcomments&post=73"}],"version-history":[{"count":5,"href":"https:\/\/www.civilpowker.de\/index.php?rest_route=\/wp\/v2\/pages\/73\/revisions"}],"predecessor-version":[{"id":317,"href":"https:\/\/www.civilpowker.de\/index.php?rest_route=\/wp\/v2\/pages\/73\/revisions\/317"}],"up":[{"embeddable":true,"href":"https:\/\/www.civilpowker.de\/index.php?rest_route=\/wp\/v2\/pages\/71"}],"wp:attachment":[{"href":"https:\/\/www.civilpowker.de\/index.php?rest_route=%2Fwp%2Fv2%2Fmedia&parent=73"}],"curies":[{"name":"wp","href":"https:\/\/api.w.org\/{rel}","templated":true}]}}