{"id":87,"date":"2015-07-08T12:47:46","date_gmt":"2015-07-08T12:47:46","guid":{"rendered":"http:\/\/neu.civilpowker.de\/?page_id=87"},"modified":"2015-07-14T14:03:48","modified_gmt":"2015-07-14T14:03:48","slug":"die-20-handlungsoptionen-der-regierung-des-staates","status":"publish","type":"page","link":"https:\/\/www.civilpowker.de\/?page_id=87","title":{"rendered":"Die 20 Handlungsoptionen der Regierung, des Staates"},"content":{"rendered":"<p><a href=\"http:\/\/www.civilpowker.de\/?page_id=156\">Waffenexporte verbieten<\/a><\/p>\n<p><a href=\"http:\/\/www.civilpowker.de\/?page_id=158\">Umfassende Informationsverbreitung<\/a><\/p>\n<p><a href=\"http:\/\/www.civilpowker.de\/?page_id=160\">\u00d6ffnung f\u00fcr Fl\u00fcchtlinge<\/a><\/p>\n<p><a href=\"http:\/\/www.civilpowker.de\/?page_id=162\">Reduzierung des Milit\u00e4rhaushaltes und Umwidmung in Zivilen Friedensdienst (ZFD)<\/a><\/p>\n<p><a href=\"http:\/\/www.civilpowker.de\/?page_id=164\">Humanit\u00e4re Nothilfe<\/a><\/p>\n<p><a href=\"http:\/\/www.civilpowker.de\/?page_id=166\">Steuererhebung R\u00fcstungswirtschaft<\/a><\/p>\n<p><a href=\"http:\/\/www.civilpowker.de\/?page_id=168\">Friedensvermittlungen anbieten<\/a><\/p>\n<p><a href=\"http:\/\/www.civilpowker.de\/?page_id=172\">UNO Friedenstruppen unterst\u00fctzen<\/a><\/p>\n<p><a href=\"http:\/\/www.civilpowker.de\/?page_id=174\">Aufbau Ziviler Friedensdienst (ZFD)<\/a><\/p>\n<p><a href=\"http:\/\/www.civilpowker.de\/?page_id=154\">Handelsembargo<\/a><\/p>\n<p><a href=\"http:\/\/www.civilpowker.de\/?page_id=170\">UN-Beobachter entsenden<\/a><\/p>\n<p><a href=\"http:\/\/www.civilpowker.de\/?page_id=134\">Milit\u00e4rische Intervention androhen<\/a><\/p>\n<p><a href=\"http:\/\/www.civilpowker.de\/?page_id=136\">Milit\u00e4rische Intervention durchf\u00fchren<\/a><\/p>\n<p><a href=\"http:\/\/www.civilpowker.de\/?page_id=138\">Konflikt nicht \u00f6ffentlich zum Thema machen<\/a><\/p>\n<p><a href=\"http:\/\/www.civilpowker.de\/?page_id=141\">Populistische Parolen verbreiten<\/a><\/p>\n<p><a href=\"http:\/\/www.civilpowker.de\/?page_id=143\">Versch\u00e4rfung des Asylrechts<\/a><\/p>\n<p><a href=\"http:\/\/www.civilpowker.de\/?page_id=145\">Vernachl\u00e4ssigung Au\u00dfenpolitik zugunsten innenpolitischer Belange<\/a><\/p>\n<p><a href=\"http:\/\/www.civilpowker.de\/?page_id=147\">Export f\u00fcr R\u00fcstungsg\u00fcter erleichtern<\/a><\/p>\n<p><a href=\"http:\/\/www.civilpowker.de\/?page_id=120\">Unterst\u00fctzung der Regierungspartei im Konfliktland<\/a><\/p>\n<p><a href=\"http:\/\/www.civilpowker.de\/?page_id=151\">Zusicherung stabiler Wirtschaftsbeziehungen zum Konfliktland<\/a><\/p>\n","protected":false},"excerpt":{"rendered":"<p>Waffenexporte verbieten Umfassende Informationsverbreitung \u00d6ffnung f\u00fcr Fl\u00fcchtlinge Reduzierung des Milit\u00e4rhaushaltes und Umwidmung in Zivilen Friedensdienst (ZFD) Humanit\u00e4re Nothilfe Steuererhebung R\u00fcstungswirtschaft Friedensvermittlungen anbieten UNO Friedenstruppen unterst\u00fctzen Aufbau Ziviler Friedensdienst (ZFD) Handelsembargo UN-Beobachter entsenden Milit\u00e4rische Intervention androhen Milit\u00e4rische Intervention durchf\u00fchren &hellip; <\/p>\n<div class=\"more-link-wrapper\"><a href=\"https:\/\/www.civilpowker.de\/?page_id=87\" class=\"more-link\">Continue reading<span class=\"screen-reader-text\"> &#8222;Die 20 Handlungsoptionen der Regierung, des Staates&#8220;<\/span><\/a><\/div>\n","protected":false},"author":1,"featured_media":0,"parent":71,"menu_order":0,"comment_status":"closed","ping_status":"open","template":"","meta":{"footnotes":""},"class_list":["post-87","page","type-page","status-publish","hentry"],"_links":{"self":[{"href":"https:\/\/www.civilpowker.de\/index.php?rest_route=\/wp\/v2\/pages\/87","targetHints":{"allow":["GET"]}}],"collection":[{"href":"https:\/\/www.civilpowker.de\/index.php?rest_route=\/wp\/v2\/pages"}],"about":[{"href":"https:\/\/www.civilpowker.de\/index.php?rest_route=\/wp\/v2\/types\/page"}],"author":[{"embeddable":true,"href":"https:\/\/www.civilpowker.de\/index.php?rest_route=\/wp\/v2\/users\/1"}],"replies":[{"embeddable":true,"href":"https:\/\/www.civilpowker.de\/index.php?rest_route=%2Fwp%2Fv2%2Fcomments&post=87"}],"version-history":[{"count":4,"href":"https:\/\/www.civilpowker.de\/index.php?rest_route=\/wp\/v2\/pages\/87\/revisions"}],"predecessor-version":[{"id":316,"href":"https:\/\/www.civilpowker.de\/index.php?rest_route=\/wp\/v2\/pages\/87\/revisions\/316"}],"up":[{"embeddable":true,"href":"https:\/\/www.civilpowker.de\/index.php?rest_route=\/wp\/v2\/pages\/71"}],"wp:attachment":[{"href":"https:\/\/www.civilpowker.de\/index.php?rest_route=%2Fwp%2Fv2%2Fmedia&parent=87"}],"curies":[{"name":"wp","href":"https:\/\/api.w.org\/{rel}","templated":true}]}}