{"id":89,"date":"2015-07-08T12:52:54","date_gmt":"2015-07-08T12:52:54","guid":{"rendered":"http:\/\/neu.civilpowker.de\/?page_id=89"},"modified":"2015-07-14T14:11:48","modified_gmt":"2015-07-14T14:11:48","slug":"die-20-handlungsoptionen-der-zivilgesellschaft","status":"publish","type":"page","link":"https:\/\/www.civilpowker.de\/?page_id=89","title":{"rendered":"Die 20 Handlungsoptionen der Zivilgesellschaft"},"content":{"rendered":"<p><a href=\"http:\/\/www.civilpowker.de\/?page_id=176\">Waren-Boykott von Firmen, die durch R\u00fcstungsg\u00fcter am Konflikt beteiligt sind<\/a><\/p>\n<p><a href=\"http:\/\/www.civilpowker.de\/?page_id=178\">Beginn einer Kampagne zur gewaltfreien und zivilgesellschaftlichen Bearbeitung des Konfliktes in dem Land<\/a><\/p>\n<p><a href=\"http:\/\/www.civilpowker.de\/?page_id=180\">Gro\u00dfformatige Anzeigen in Zeitungen mit hoher Auflage<\/a><\/p>\n<p><a href=\"http:\/\/www.civilpowker.de\/?page_id=182\">Gewaltfreie Aktion: &#8222;die-in&#8220; oder smartmob<\/a><\/p>\n<p><a href=\"http:\/\/www.civilpowker.de\/?page_id=184\">Demonstration oder \u00f6ffentliche Kundgebung<\/a><\/p>\n<p><a href=\"http:\/\/www.civilpowker.de\/?page_id=186\">Internet\u00f6ffentlichkeit schaffen, Diskussionsforen und Petitionen einreichen<\/a><\/p>\n<p><a href=\"http:\/\/www.civilpowker.de\/?page_id=188\">Gewaltfreie Aktion: Besetzung oder Blockade von \u00f6ffentlichen oder wirtschaftlich wichtigen Einrichtungen in Deutschland<\/a><\/p>\n<p><a href=\"http:\/\/www.civilpowker.de\/?page_id=190\">Entsenden von zivilen Beobachtern<\/a><\/p>\n<p><a href=\"http:\/\/www.civilpowker.de\/?page_id=192\">Aufbau eines Vereins, der Spenden f\u00fcr die notleidende Bev\u00f6lkerung sammelt<\/a><\/p>\n<p><a href=\"http:\/\/www.civilpowker.de\/?page_id=194\">Shoppen f\u00fcr Wachstum und Sicherheit<\/a><\/p>\n<p><a href=\"http:\/\/www.civilpowker.de\/?page_id=196\">Ruhe bewahren und abwarten<\/a><\/p>\n<p><a href=\"http:\/\/www.civilpowker.de\/?page_id=200\">Entsendung von Friedensfachkr\u00e4ften in das Krisengebiet<\/a><\/p>\n<p><a href=\"http:\/\/www.civilpowker.de\/?page_id=202\">Ver\u00e4nderung des Asylrechtes &#8211; \u00d6ffnung f\u00fcr Asylsuchende<\/a><\/p>\n<p><a href=\"http:\/\/www.civilpowker.de\/?page_id=204\">Versch\u00e4rfung des Asylrechtes<\/a><\/p>\n<p><a href=\"http:\/\/www.civilpowker.de\/?page_id=206\">Unterst\u00fctzung von milit\u00e4rischen Operationen \u2013 Aufruf zum milit\u00e4rischen Eingreifen<\/a><\/p>\n<p><a href=\"http:\/\/www.civilpowker.de\/?page_id=208\">Aufruf aller Religionsgemeinschaften f\u00fcr eine friedliche Beilegung des Konfliktes<\/a><\/p>\n<p><a href=\"http:\/\/www.civilpowker.de\/?page_id=210\">Steuerverweigerung bei milit\u00e4rischen Operationen von Seiten der eigenen Regierung<\/a><\/p>\n<p><a href=\"http:\/\/www.civilpowker.de\/?page_id=198\">Kontaktaufnahme zur Zivilgesellschaft des Landes<\/a><\/p>\n<p><a href=\"http:\/\/www.civilpowker.de\/?page_id=214\">Einsetzen von \u201eelektronischen Angriffen\u201c auf sensible Bereiche der Regierung des Krisenlandes<\/a><\/p>\n","protected":false},"excerpt":{"rendered":"<p>Waren-Boykott von Firmen, die durch R\u00fcstungsg\u00fcter am Konflikt beteiligt sind Beginn einer Kampagne zur gewaltfreien und zivilgesellschaftlichen Bearbeitung des Konfliktes in dem Land Gro\u00dfformatige Anzeigen in Zeitungen mit hoher Auflage Gewaltfreie Aktion: &#8222;die-in&#8220; oder smartmob Demonstration oder \u00f6ffentliche &hellip; <\/p>\n<div class=\"more-link-wrapper\"><a href=\"https:\/\/www.civilpowker.de\/?page_id=89\" class=\"more-link\">Continue reading<span class=\"screen-reader-text\"> &#8222;Die 20 Handlungsoptionen der Zivilgesellschaft&#8220;<\/span><\/a><\/div>\n","protected":false},"author":1,"featured_media":0,"parent":71,"menu_order":0,"comment_status":"closed","ping_status":"open","template":"","meta":{"footnotes":""},"class_list":["post-89","page","type-page","status-publish","hentry"],"_links":{"self":[{"href":"https:\/\/www.civilpowker.de\/index.php?rest_route=\/wp\/v2\/pages\/89","targetHints":{"allow":["GET"]}}],"collection":[{"href":"https:\/\/www.civilpowker.de\/index.php?rest_route=\/wp\/v2\/pages"}],"about":[{"href":"https:\/\/www.civilpowker.de\/index.php?rest_route=\/wp\/v2\/types\/page"}],"author":[{"embeddable":true,"href":"https:\/\/www.civilpowker.de\/index.php?rest_route=\/wp\/v2\/users\/1"}],"replies":[{"embeddable":true,"href":"https:\/\/www.civilpowker.de\/index.php?rest_route=%2Fwp%2Fv2%2Fcomments&post=89"}],"version-history":[{"count":4,"href":"https:\/\/www.civilpowker.de\/index.php?rest_route=\/wp\/v2\/pages\/89\/revisions"}],"predecessor-version":[{"id":319,"href":"https:\/\/www.civilpowker.de\/index.php?rest_route=\/wp\/v2\/pages\/89\/revisions\/319"}],"up":[{"embeddable":true,"href":"https:\/\/www.civilpowker.de\/index.php?rest_route=\/wp\/v2\/pages\/71"}],"wp:attachment":[{"href":"https:\/\/www.civilpowker.de\/index.php?rest_route=%2Fwp%2Fv2%2Fmedia&parent=89"}],"curies":[{"name":"wp","href":"https:\/\/api.w.org\/{rel}","templated":true}]}}