{"id":94,"date":"2015-07-08T13:07:39","date_gmt":"2015-07-08T13:07:39","guid":{"rendered":"http:\/\/neu.civilpowker.de\/?page_id=94"},"modified":"2015-07-08T13:07:39","modified_gmt":"2015-07-08T13:07:39","slug":"stiftung-gruenden","status":"publish","type":"page","link":"https:\/\/www.civilpowker.de\/?page_id=94","title":{"rendered":"Stiftung gr\u00fcnden"},"content":{"rendered":"<p>Eine Stiftung, die mit dem Ziel gegr\u00fcndet wird, Demokratisierungsprozesse in Konfliktregionen zu<br \/>\nunterst\u00fctzen, hat viele Vorteile: Es k\u00f6nnen eigene Projekte (z.B. mit wirtschaftlichen Schwerpunkten)<br \/>\ndurchgef\u00fchrt werden und die lokale Bev\u00f6lkerung kann direkt erreicht und eingebunden werden.<br \/>\nAllerdings kostet ein Stiftungsaufbau viel Zeit, Geld und gute Kontakte.<\/p>\n<h5>\nMehr Information:<\/h5>\n<p><a href=\"http:\/\/www.berghof-foundation.org\/de\/\">http:\/\/www.berghof-foundation.org\/de\/<\/a><br \/>\n<a href=\"http:\/\/www.bosch-stiftung.de\">http:\/\/www.bosch-stiftung.de<\/a><br \/>\n<a href=\"http:\/\/www.gatesfoundation.org\/\">http:\/\/www.gatesfoundation.org\/<\/a><br \/>\n<a href=\"http:\/\/www.fph.ch\">http:\/\/www.fph.ch<\/a><\/p>\n","protected":false},"excerpt":{"rendered":"<p>Eine Stiftung, die mit dem Ziel gegr\u00fcndet wird, Demokratisierungsprozesse in Konfliktregionen zu unterst\u00fctzen, hat viele Vorteile: Es k\u00f6nnen eigene Projekte (z.B. mit wirtschaftlichen Schwerpunkten) durchgef\u00fchrt werden und die lokale Bev\u00f6lkerung kann direkt erreicht und eingebunden werden. Allerdings kostet &hellip; <\/p>\n<div class=\"more-link-wrapper\"><a href=\"https:\/\/www.civilpowker.de\/?page_id=94\" class=\"more-link\">Continue reading<span class=\"screen-reader-text\"> &#8222;Stiftung gr\u00fcnden&#8220;<\/span><\/a><\/div>\n","protected":false},"author":1,"featured_media":0,"parent":73,"menu_order":0,"comment_status":"closed","ping_status":"open","template":"","meta":{"footnotes":""},"class_list":["post-94","page","type-page","status-publish","hentry"],"_links":{"self":[{"href":"https:\/\/www.civilpowker.de\/index.php?rest_route=\/wp\/v2\/pages\/94","targetHints":{"allow":["GET"]}}],"collection":[{"href":"https:\/\/www.civilpowker.de\/index.php?rest_route=\/wp\/v2\/pages"}],"about":[{"href":"https:\/\/www.civilpowker.de\/index.php?rest_route=\/wp\/v2\/types\/page"}],"author":[{"embeddable":true,"href":"https:\/\/www.civilpowker.de\/index.php?rest_route=\/wp\/v2\/users\/1"}],"replies":[{"embeddable":true,"href":"https:\/\/www.civilpowker.de\/index.php?rest_route=%2Fwp%2Fv2%2Fcomments&post=94"}],"version-history":[{"count":1,"href":"https:\/\/www.civilpowker.de\/index.php?rest_route=\/wp\/v2\/pages\/94\/revisions"}],"predecessor-version":[{"id":95,"href":"https:\/\/www.civilpowker.de\/index.php?rest_route=\/wp\/v2\/pages\/94\/revisions\/95"}],"up":[{"embeddable":true,"href":"https:\/\/www.civilpowker.de\/index.php?rest_route=\/wp\/v2\/pages\/73"}],"wp:attachment":[{"href":"https:\/\/www.civilpowker.de\/index.php?rest_route=%2Fwp%2Fv2%2Fmedia&parent=94"}],"curies":[{"name":"wp","href":"https:\/\/api.w.org\/{rel}","templated":true}]}}